{"id":2543,"date":"2025-08-06T09:11:00","date_gmt":"2025-08-06T09:11:00","guid":{"rendered":"https:\/\/www.erika-group.cz\/?page_id=2543"},"modified":"2025-08-06T11:05:00","modified_gmt":"2025-08-06T11:05:00","slug":"exkluzivni-vip-zazitek","status":"publish","type":"page","link":"https:\/\/www.erika-group.cz\/index.php\/exkluzivni-vip-zazitek\/","title":{"rendered":"Exkluzivn\u00ed st\u0159eleck\u00fd VIP z\u00e1\u017eitek"},"content":{"rendered":"\t\t<div data-elementor-type=\"wp-page\" data-elementor-id=\"2543\" class=\"elementor elementor-2543\">\n\t\t\t\t<div class=\"elementor-element elementor-element-138660e8 e-flex e-con-boxed e-con e-parent\" data-id=\"138660e8\" data-element_type=\"container\" data-e-type=\"container\">\n\t\t\t\t\t<div class=\"e-con-inner\">\n\t\t\t\t<div class=\"elementor-element elementor-element-5684d14d elementor-widget elementor-widget-text-editor\" data-id=\"5684d14d\" data-element_type=\"widget\" data-e-type=\"widget\" data-widget_type=\"text-editor.default\">\n\t\t\t\t<div class=\"elementor-widget-container\">\n\t\t\t\t\t\t\t\t\t<p>Pokud hled\u00e1te zp\u016fsob, jak pod\u011bkovat kl\u00ed\u010dov\u00fdm partner\u016fm, upevnit d\u016fle\u017eit\u00e9 vztahy nebo si prost\u011b dop\u0159\u00e1t n\u011bco v\u00fdjime\u010dn\u00e9ho, m\u00e1me pro V\u00e1s z\u00e1\u017eitek, kter\u00fd si zaslou\u017e\u00ed pozornost.\u00a0<\/p><p>Jde o ide\u00e1ln\u00ed formu osobn\u00edho networkingu, pr\u00e9miov\u00e9ho benefitu nebo d\u00e1rku<\/p><p>P\u0159ipravili jsme VIP st\u0159eleck\u00fd program pro 1\u20133 osoby, kter\u00fd kombinuje naprost\u00e9 soukrom\u00ed, v\u00fdb\u011br exkluzivn\u00edch zbran\u00ed a profesion\u00e1ln\u00ed veden\u00ed v prost\u0159ed\u00ed modern\u00ed st\u0159elnice.<\/p><p>M\u016f\u017eete si vybrat z pestr\u00e9 <a href=\"https:\/\/www.erika-group.cz\/index.php\/zbrane\/\">nab\u00eddky zbran\u00ed<\/a>.<\/p>\t\t\t\t\t\t\t\t<\/div>\n\t\t\t\t<\/div>\n\t\t\t\t\t<\/div>\n\t\t\t\t<\/div>\n\t\t<div class=\"elementor-element elementor-element-8b72265 e-flex e-con-boxed e-con e-parent\" data-id=\"8b72265\" data-element_type=\"container\" data-e-type=\"container\">\n\t\t\t\t\t<div class=\"e-con-inner\">\n\t\t\t\t<div class=\"elementor-element elementor-element-fa5e185 elementor-widget elementor-widget-text-editor\" data-id=\"fa5e185\" data-element_type=\"widget\" data-e-type=\"widget\" data-widget_type=\"text-editor.default\">\n\t\t\t\t<div class=\"elementor-widget-container\">\n\t\t\t\t\t\t\t\t\t<h3>Jak to prob\u00edh\u00e1?<\/h3>\t\t\t\t\t\t\t\t<\/div>\n\t\t\t\t<\/div>\n\t\t\t\t\t<\/div>\n\t\t\t\t<\/div>\n\t\t<div class=\"elementor-element elementor-element-bc74c60 e-flex e-con-boxed e-con e-parent\" data-id=\"bc74c60\" data-element_type=\"container\" data-e-type=\"container\">\n\t\t\t\t\t<div class=\"e-con-inner\">\n\t\t\t\t<div class=\"elementor-element elementor-element-afa4752 elementor-widget elementor-widget-text-editor\" data-id=\"afa4752\" data-element_type=\"widget\" data-e-type=\"widget\" data-widget_type=\"text-editor.default\">\n\t\t\t\t<div class=\"elementor-widget-container\">\n\t\t\t\t\t\t\t\t\t<ul><li>registrace \u00fa\u010dastn\u00edk\u016f (je nutn\u00fd doklad toto\u017enosti, p\u0159\u00edpadn\u011b ZP)<\/li><li>pou\u010den\u00ed o pravidlech a bezpe\u010dnosti<\/li><li>vysv\u011btlen\u00ed pr\u016fb\u011bhu akce<\/li><li>p\u0159edstaven\u00ed zbran\u00ed, jejich p\u016fvodu, historie a zaj\u00edmavost\u00ed. Ke ka\u017ed\u00e9 zbrani m\u00e1me ti\u0161t\u011bn\u00fd profil.<\/li><li>samotn\u00e1 st\u0159elba pod dozorem instruktora. Proto\u017ee si zbra\u0148 m\u00e1te za\u017e\u00edt, budete si ji sami (pod dozorem) nab\u00edjet. Z ka\u017ed\u00e9 zbran\u011b budete st\u0159\u00edlet 2 s\u00e9rie (typicky 10 a 10 ran, proto\u017ee chceme, abyste si z ka\u017ed\u00e9 z nich odnesli v\u00edc, ne\u017e jen to, \u017ee d\u011bl\u00e1 &#8220;bum&#8221;.<\/li><li>v pr\u016fb\u011bhu akce je mo\u017enost zajistit ob\u010derstven\u00ed dle dohody<\/li><\/ul>\t\t\t\t\t\t\t\t<\/div>\n\t\t\t\t<\/div>\n\t\t\t\t\t<\/div>\n\t\t\t\t<\/div>\n\t\t<div class=\"elementor-element elementor-element-f757531 e-flex e-con-boxed e-con e-parent\" data-id=\"f757531\" data-element_type=\"container\" data-e-type=\"container\">\n\t\t\t\t\t<div class=\"e-con-inner\">\n\t\t\t\t<div class=\"elementor-element elementor-element-9457b9d elementor-widget elementor-widget-text-editor\" data-id=\"9457b9d\" data-element_type=\"widget\" data-e-type=\"widget\" data-widget_type=\"text-editor.default\">\n\t\t\t\t<div class=\"elementor-widget-container\">\n\t\t\t\t\t\t\t\t\t<p>C\u00edlem t\u00e9to slu\u017eby je op\u011bt bezpe\u010dnost a z\u00e1bava, p\u0159esn\u011b v tomto po\u0159ad\u00ed. D\u016fle\u017eit\u00e9 je, abyste si odnesli opravdu siln\u00fd z\u00e1\u017eitek p\u0159i zachov\u00e1n\u00ed bezpe\u010dnosti. Budete odch\u00e1zet s pocitem, \u017ee jste vybran\u00e9 zbran\u011b opravdu poznali.<\/p>\t\t\t\t\t\t\t\t<\/div>\n\t\t\t\t<\/div>\n\t\t\t\t\t<\/div>\n\t\t\t\t<\/div>\n\t\t<div class=\"elementor-element elementor-element-3cb0855 e-flex e-con-boxed e-con e-parent\" data-id=\"3cb0855\" data-element_type=\"container\" data-e-type=\"container\">\n\t\t\t\t\t<div class=\"e-con-inner\">\n\t\t\t\t<div class=\"elementor-element elementor-element-a3cb668 elementor-widget elementor-widget-heading\" data-id=\"a3cb668\" data-element_type=\"widget\" data-e-type=\"widget\" data-widget_type=\"heading.default\">\n\t\t\t\t<div class=\"elementor-widget-container\">\n\t\t\t\t\t<h3 class=\"elementor-heading-title elementor-size-default\">Finan\u010dn\u00ed a \u010dasov\u00e1 n\u00e1ro\u010dnost slu\u017eby:<\/h3>\t\t\t\t<\/div>\n\t\t\t\t<\/div>\n\t\t\t\t\t<\/div>\n\t\t\t\t<\/div>\n\t\t<div class=\"elementor-element elementor-element-80cc8e3 e-flex e-con-boxed e-con e-parent\" data-id=\"80cc8e3\" data-element_type=\"container\" data-e-type=\"container\">\n\t\t\t\t\t<div class=\"e-con-inner\">\n\t\t\t\t<div class=\"elementor-element elementor-element-2fb42b8 elementor-widget elementor-widget-spacer\" data-id=\"2fb42b8\" data-element_type=\"widget\" data-e-type=\"widget\" data-widget_type=\"spacer.default\">\n\t\t\t\t<div class=\"elementor-widget-container\">\n\t\t\t\t\t\t\t<div class=\"elementor-spacer\">\n\t\t\t<div class=\"elementor-spacer-inner\"><\/div>\n\t\t<\/div>\n\t\t\t\t\t\t<\/div>\n\t\t\t\t<\/div>\n\t\t\t\t<div class=\"elementor-element elementor-element-0b6225b elementor-widget elementor-widget-text-editor\" data-id=\"0b6225b\" data-element_type=\"widget\" data-e-type=\"widget\" data-widget_type=\"text-editor.default\">\n\t\t\t\t<div class=\"elementor-widget-container\">\n\t\t\t\t\t\t\t\t\t<p>Maxim\u00e1ln\u00ed rozsah akce je 8 hodin.<\/p>\t\t\t\t\t\t\t\t<\/div>\n\t\t\t\t<\/div>\n\t\t\t\t\t<\/div>\n\t\t\t\t<\/div>\n\t\t<div class=\"elementor-element elementor-element-a402979 e-flex e-con-boxed e-con e-parent\" data-id=\"a402979\" data-element_type=\"container\" data-e-type=\"container\">\n\t\t\t\t\t<div class=\"e-con-inner\">\n\t\t\t\t<div class=\"elementor-element elementor-element-c7948f6 elementor-widget elementor-widget-text-editor\" data-id=\"c7948f6\" data-element_type=\"widget\" data-e-type=\"widget\" data-widget_type=\"text-editor.default\">\n\t\t\t\t<div class=\"elementor-widget-container\">\n\t\t\t\t\t\t\t\t\t<ul><li>kontaktujte n\u00e1s pro cenovou nab\u00eddku<\/li><\/ul>\t\t\t\t\t\t\t\t<\/div>\n\t\t\t\t<\/div>\n\t\t\t\t\t<\/div>\n\t\t\t\t<\/div>\n\t\t\t\t<\/div>\n\t\t","protected":false},"excerpt":{"rendered":"<p>Poznejte zbran\u011b, kter\u00e9 zn\u00e1te z film\u016f a her.<\/p>\n","protected":false},"author":1,"featured_media":0,"parent":0,"menu_order":0,"comment_status":"closed","ping_status":"closed","template":"","meta":{"_eb_attr":"","footnotes":""},"class_list":["post-2543","page","type-page","status-publish","hentry"],"yoast_head":"<!-- This site is optimized with the Yoast SEO plugin v27.5 - https:\/\/yoast.com\/product\/yoast-seo-wordpress\/ -->\n<title>Exkluzivn\u00ed st\u0159eleck\u00fd VIP z\u00e1\u017eitek - Erika Group s.r.o.<\/title>\n<meta name=\"robots\" content=\"index, follow, max-snippet:-1, max-image-preview:large, max-video-preview:-1\" \/>\n<link rel=\"canonical\" href=\"https:\/\/www.erika-group.cz\/index.php\/exkluzivni-vip-zazitek\/\" \/>\n<meta property=\"og:locale\" content=\"en_US\" \/>\n<meta property=\"og:type\" content=\"article\" \/>\n<meta property=\"og:title\" content=\"Exkluzivn\u00ed st\u0159eleck\u00fd VIP z\u00e1\u017eitek - Erika Group s.r.o.\" \/>\n<meta property=\"og:description\" content=\"Poznejte zbran\u011b, kter\u00e9 zn\u00e1te z film\u016f a her.\" \/>\n<meta property=\"og:url\" content=\"https:\/\/www.erika-group.cz\/index.php\/exkluzivni-vip-zazitek\/\" \/>\n<meta property=\"og:site_name\" content=\"Erika Group s.r.o.\" \/>\n<meta property=\"article:modified_time\" content=\"2025-08-06T11:05:00+00:00\" \/>\n<meta name=\"twitter:card\" content=\"summary_large_image\" \/>\n<meta name=\"twitter:label1\" content=\"Est. reading time\" \/>\n\t<meta name=\"twitter:data1\" content=\"1 minute\" \/>\n<script type=\"application\/ld+json\" class=\"yoast-schema-graph\">{\"@context\":\"https:\\\/\\\/schema.org\",\"@graph\":[{\"@type\":\"WebPage\",\"@id\":\"https:\\\/\\\/www.erika-group.cz\\\/index.php\\\/exkluzivni-vip-zazitek\\\/\",\"url\":\"https:\\\/\\\/www.erika-group.cz\\\/index.php\\\/exkluzivni-vip-zazitek\\\/\",\"name\":\"Exkluzivn\u00ed st\u0159eleck\u00fd VIP z\u00e1\u017eitek - Erika Group s.r.o.\",\"isPartOf\":{\"@id\":\"https:\\\/\\\/www.erika-group.cz\\\/#website\"},\"datePublished\":\"2025-08-06T09:11:00+00:00\",\"dateModified\":\"2025-08-06T11:05:00+00:00\",\"breadcrumb\":{\"@id\":\"https:\\\/\\\/www.erika-group.cz\\\/index.php\\\/exkluzivni-vip-zazitek\\\/#breadcrumb\"},\"inLanguage\":\"en-US\",\"potentialAction\":[{\"@type\":\"ReadAction\",\"target\":[\"https:\\\/\\\/www.erika-group.cz\\\/index.php\\\/exkluzivni-vip-zazitek\\\/\"]}]},{\"@type\":\"BreadcrumbList\",\"@id\":\"https:\\\/\\\/www.erika-group.cz\\\/index.php\\\/exkluzivni-vip-zazitek\\\/#breadcrumb\",\"itemListElement\":[{\"@type\":\"ListItem\",\"position\":1,\"name\":\"Home\",\"item\":\"https:\\\/\\\/www.erika-group.cz\\\/\"},{\"@type\":\"ListItem\",\"position\":2,\"name\":\"Exkluzivn\u00ed st\u0159eleck\u00fd VIP z\u00e1\u017eitek\"}]},{\"@type\":\"WebSite\",\"@id\":\"https:\\\/\\\/www.erika-group.cz\\\/#website\",\"url\":\"https:\\\/\\\/www.erika-group.cz\\\/\",\"name\":\"Erika Group s.r.o.\",\"description\":\"\u017dijeme st\u0159electv\u00edm\",\"publisher\":{\"@id\":\"https:\\\/\\\/www.erika-group.cz\\\/#organization\"},\"potentialAction\":[{\"@type\":\"SearchAction\",\"target\":{\"@type\":\"EntryPoint\",\"urlTemplate\":\"https:\\\/\\\/www.erika-group.cz\\\/?s={search_term_string}\"},\"query-input\":{\"@type\":\"PropertyValueSpecification\",\"valueRequired\":true,\"valueName\":\"search_term_string\"}}],\"inLanguage\":\"en-US\"},{\"@type\":\"Organization\",\"@id\":\"https:\\\/\\\/www.erika-group.cz\\\/#organization\",\"name\":\"Erika Group s.r.o.\",\"url\":\"https:\\\/\\\/www.erika-group.cz\\\/\",\"logo\":{\"@type\":\"ImageObject\",\"inLanguage\":\"en-US\",\"@id\":\"https:\\\/\\\/www.erika-group.cz\\\/#\\\/schema\\\/logo\\\/image\\\/\",\"url\":\"https:\\\/\\\/www.erika-group.cz\\\/wp-content\\\/uploads\\\/2025\\\/01\\\/cropped-Erika-Group-EG-logo-png-scaled-1.png\",\"contentUrl\":\"https:\\\/\\\/www.erika-group.cz\\\/wp-content\\\/uploads\\\/2025\\\/01\\\/cropped-Erika-Group-EG-logo-png-scaled-1.png\",\"width\":2559,\"height\":335,\"caption\":\"Erika Group s.r.o.\"},\"image\":{\"@id\":\"https:\\\/\\\/www.erika-group.cz\\\/#\\\/schema\\\/logo\\\/image\\\/\"}}]}<\/script>\n<!-- \/ Yoast SEO plugin. -->","yoast_head_json":{"title":"Exkluzivn\u00ed st\u0159eleck\u00fd VIP z\u00e1\u017eitek - Erika Group s.r.o.","robots":{"index":"index","follow":"follow","max-snippet":"max-snippet:-1","max-image-preview":"max-image-preview:large","max-video-preview":"max-video-preview:-1"},"canonical":"https:\/\/www.erika-group.cz\/index.php\/exkluzivni-vip-zazitek\/","og_locale":"en_US","og_type":"article","og_title":"Exkluzivn\u00ed st\u0159eleck\u00fd VIP z\u00e1\u017eitek - Erika Group s.r.o.","og_description":"Poznejte zbran\u011b, kter\u00e9 zn\u00e1te z film\u016f a her.","og_url":"https:\/\/www.erika-group.cz\/index.php\/exkluzivni-vip-zazitek\/","og_site_name":"Erika Group s.r.o.","article_modified_time":"2025-08-06T11:05:00+00:00","twitter_card":"summary_large_image","twitter_misc":{"Est. reading time":"1 minute"},"schema":{"@context":"https:\/\/schema.org","@graph":[{"@type":"WebPage","@id":"https:\/\/www.erika-group.cz\/index.php\/exkluzivni-vip-zazitek\/","url":"https:\/\/www.erika-group.cz\/index.php\/exkluzivni-vip-zazitek\/","name":"Exkluzivn\u00ed st\u0159eleck\u00fd VIP z\u00e1\u017eitek - Erika Group s.r.o.","isPartOf":{"@id":"https:\/\/www.erika-group.cz\/#website"},"datePublished":"2025-08-06T09:11:00+00:00","dateModified":"2025-08-06T11:05:00+00:00","breadcrumb":{"@id":"https:\/\/www.erika-group.cz\/index.php\/exkluzivni-vip-zazitek\/#breadcrumb"},"inLanguage":"en-US","potentialAction":[{"@type":"ReadAction","target":["https:\/\/www.erika-group.cz\/index.php\/exkluzivni-vip-zazitek\/"]}]},{"@type":"BreadcrumbList","@id":"https:\/\/www.erika-group.cz\/index.php\/exkluzivni-vip-zazitek\/#breadcrumb","itemListElement":[{"@type":"ListItem","position":1,"name":"Home","item":"https:\/\/www.erika-group.cz\/"},{"@type":"ListItem","position":2,"name":"Exkluzivn\u00ed st\u0159eleck\u00fd VIP z\u00e1\u017eitek"}]},{"@type":"WebSite","@id":"https:\/\/www.erika-group.cz\/#website","url":"https:\/\/www.erika-group.cz\/","name":"Erika Group s.r.o.","description":"\u017dijeme st\u0159electv\u00edm","publisher":{"@id":"https:\/\/www.erika-group.cz\/#organization"},"potentialAction":[{"@type":"SearchAction","target":{"@type":"EntryPoint","urlTemplate":"https:\/\/www.erika-group.cz\/?s={search_term_string}"},"query-input":{"@type":"PropertyValueSpecification","valueRequired":true,"valueName":"search_term_string"}}],"inLanguage":"en-US"},{"@type":"Organization","@id":"https:\/\/www.erika-group.cz\/#organization","name":"Erika Group s.r.o.","url":"https:\/\/www.erika-group.cz\/","logo":{"@type":"ImageObject","inLanguage":"en-US","@id":"https:\/\/www.erika-group.cz\/#\/schema\/logo\/image\/","url":"https:\/\/www.erika-group.cz\/wp-content\/uploads\/2025\/01\/cropped-Erika-Group-EG-logo-png-scaled-1.png","contentUrl":"https:\/\/www.erika-group.cz\/wp-content\/uploads\/2025\/01\/cropped-Erika-Group-EG-logo-png-scaled-1.png","width":2559,"height":335,"caption":"Erika Group s.r.o."},"image":{"@id":"https:\/\/www.erika-group.cz\/#\/schema\/logo\/image\/"}}]}},"_links":{"self":[{"href":"https:\/\/www.erika-group.cz\/index.php\/wp-json\/wp\/v2\/pages\/2543","targetHints":{"allow":["GET"]}}],"collection":[{"href":"https:\/\/www.erika-group.cz\/index.php\/wp-json\/wp\/v2\/pages"}],"about":[{"href":"https:\/\/www.erika-group.cz\/index.php\/wp-json\/wp\/v2\/types\/page"}],"author":[{"embeddable":true,"href":"https:\/\/www.erika-group.cz\/index.php\/wp-json\/wp\/v2\/users\/1"}],"replies":[{"embeddable":true,"href":"https:\/\/www.erika-group.cz\/index.php\/wp-json\/wp\/v2\/comments?post=2543"}],"version-history":[{"count":8,"href":"https:\/\/www.erika-group.cz\/index.php\/wp-json\/wp\/v2\/pages\/2543\/revisions"}],"predecessor-version":[{"id":2555,"href":"https:\/\/www.erika-group.cz\/index.php\/wp-json\/wp\/v2\/pages\/2543\/revisions\/2555"}],"wp:attachment":[{"href":"https:\/\/www.erika-group.cz\/index.php\/wp-json\/wp\/v2\/media?parent=2543"}],"curies":[{"name":"wp","href":"https:\/\/api.w.org\/{rel}","templated":true}]}}