{"id":2126,"date":"2025-05-28T16:33:00","date_gmt":"2025-05-28T16:33:00","guid":{"rendered":"https:\/\/www.erika-group.cz\/?page_id=2126"},"modified":"2026-04-26T06:33:04","modified_gmt":"2026-04-26T06:33:04","slug":"kontakt","status":"publish","type":"page","link":"https:\/\/www.erika-group.cz\/index.php\/kontakt\/","title":{"rendered":"Kontakt"},"content":{"rendered":"\t\t<div data-elementor-type=\"wp-page\" data-elementor-id=\"2126\" class=\"elementor elementor-2126\">\n\t\t\t\t<div class=\"elementor-element elementor-element-6fc3164 e-flex e-con-boxed e-con e-parent\" data-id=\"6fc3164\" data-element_type=\"container\" data-e-type=\"container\">\n\t\t\t\t\t<div class=\"e-con-inner\">\n\t\t<div class=\"elementor-element elementor-element-67ff39f e-grid e-con-full e-con e-child\" data-id=\"67ff39f\" data-element_type=\"container\" data-e-type=\"container\">\n\t\t\t\t<div class=\"elementor-element elementor-element-1908ae3 elementor-widget elementor-widget-text-editor\" data-id=\"1908ae3\" data-element_type=\"widget\" data-e-type=\"widget\" data-widget_type=\"text-editor.default\">\n\t\t\t\t<div class=\"elementor-widget-container\">\n\t\t\t\t\t\t\t\t\t<h3>Erika Group s.r.o.<\/h3>\n<p><!-- \/wp:heading --><!-- wp:paragraph --><\/p>\n<p><strong>S\u00eddlo firmy:<\/strong><br \/>Poli\u010dansk\u00e1 1487<br \/>\u00dajezd nad Lesy<br \/>190 16 Praha 9<\/p>\n<p><!-- \/wp:paragraph --><!-- wp:paragraph --><\/p>\n<p><strong>Doru\u010dovac\u00ed adresa: <\/strong><\/p>\n<p><!-- \/wp:paragraph --><!-- wp:paragraph --><\/p>\n<p>Litv\u00ednovsk\u00e1 593\/14<br \/>Praha 9 &#8211; Prosek<br \/>190 00<\/p>\n<p><!-- \/wp:paragraph --><!-- wp:separator --><\/p>\n<hr class=\"wp-block-separator\" \/>\n<p><!-- \/wp:separator --><!-- wp:paragraph --><\/p>\n<p><strong>I\u010c: <\/strong><span class=\"nowrap\">06524184<br \/><strong>DI\u010c:<\/strong> CZ699007962<\/span><\/p>\n<p><strong>\u010c. zbrojn\u00ed licence:<\/strong> ZL000175<\/p>\n<p><br \/><strong>Firma je zaps\u00e1na u M\u011bstsk\u00e9ho soudu v Praze, odd\u00edl C, vlo\u017eka 283626.<\/strong><\/p>\n<p><!-- \/wp:paragraph --><!-- wp:paragraph --><\/p>\t\t\t\t\t\t\t\t<\/div>\n\t\t\t\t<\/div>\n\t\t\t\t<div class=\"elementor-element elementor-element-d6a1993 elementor-widget elementor-widget-text-editor\" data-id=\"d6a1993\" data-element_type=\"widget\" data-e-type=\"widget\" data-widget_type=\"text-editor.default\">\n\t\t\t\t<div class=\"elementor-widget-container\">\n\t\t\t\t\t\t\t\t\t<h3>Bankovn\u00ed spojen\u00ed:<\/h3><p><!-- \/wp:heading --><!-- wp:paragraph --><\/p><p><strong>Fio banka, a.s.<\/strong><br \/>\u010c\u00edslo \u00fa\u010dtu: 2001310990\/2010<br \/>IBAN: CZ1020100000002001310990<\/p>\t\t\t\t\t\t\t\t<\/div>\n\t\t\t\t<\/div>\n\t\t\t\t<div class=\"elementor-element elementor-element-be19b2c elementor-widget elementor-widget-text-editor\" data-id=\"be19b2c\" data-element_type=\"widget\" data-e-type=\"widget\" data-widget_type=\"text-editor.default\">\n\t\t\t\t<div class=\"elementor-widget-container\">\n\t\t\t\t\t\t\t\t\t<h3><strong>Kontaktn\u00ed osoby<\/strong><\/h3>\n<p><!-- \/wp:heading --><!-- wp:paragraph --><\/p>\n<p><strong>Petr \u0160ANTR\u016e\u010cEK<\/strong><br \/>&#8211; jednatel spole\u010dnosti<br \/><a href=\"mailto:PetrS@erika-group.cz\">PetrS@erika-group.cz<\/a><br \/>tel: <a href=\"tel:602119906\">+420\u00a0602\u00a0119\u00a0906<\/a><\/p>\n<p>\u00a0<\/p>\t\t\t\t\t\t\t\t<\/div>\n\t\t\t\t<\/div>\n\t\t\t\t<\/div>\n\t\t\t\t\t<\/div>\n\t\t\t\t<\/div>\n\t\t\t\t<\/div>\n\t\t","protected":false},"excerpt":{"rendered":"<p>Zkuste trochu jin\u00fd teambuilding.<\/p>\n","protected":false},"author":1,"featured_media":0,"parent":0,"menu_order":0,"comment_status":"closed","ping_status":"closed","template":"","meta":{"_eb_attr":"","footnotes":""},"class_list":["post-2126","page","type-page","status-publish","hentry"],"yoast_head":"<!-- This site is optimized with the Yoast SEO plugin v27.5 - https:\/\/yoast.com\/product\/yoast-seo-wordpress\/ -->\n<title>Kontakt - Erika Group s.r.o.<\/title>\n<meta name=\"robots\" content=\"index, follow, max-snippet:-1, max-image-preview:large, max-video-preview:-1\" \/>\n<link rel=\"canonical\" href=\"https:\/\/www.erika-group.cz\/index.php\/kontakt\/\" \/>\n<meta property=\"og:locale\" content=\"en_US\" \/>\n<meta property=\"og:type\" content=\"article\" \/>\n<meta property=\"og:title\" content=\"Kontakt - Erika Group s.r.o.\" \/>\n<meta property=\"og:description\" content=\"Zkuste trochu jin\u00fd teambuilding.\" \/>\n<meta property=\"og:url\" content=\"https:\/\/www.erika-group.cz\/index.php\/kontakt\/\" \/>\n<meta property=\"og:site_name\" content=\"Erika Group s.r.o.\" \/>\n<meta property=\"article:modified_time\" content=\"2026-04-26T06:33:04+00:00\" \/>\n<meta name=\"twitter:card\" content=\"summary_large_image\" \/>\n<meta name=\"twitter:label1\" content=\"Est. reading time\" \/>\n\t<meta name=\"twitter:data1\" content=\"1 minute\" \/>\n<script type=\"application\/ld+json\" class=\"yoast-schema-graph\">{\"@context\":\"https:\\\/\\\/schema.org\",\"@graph\":[{\"@type\":\"WebPage\",\"@id\":\"https:\\\/\\\/www.erika-group.cz\\\/index.php\\\/kontakt\\\/\",\"url\":\"https:\\\/\\\/www.erika-group.cz\\\/index.php\\\/kontakt\\\/\",\"name\":\"Kontakt - Erika Group s.r.o.\",\"isPartOf\":{\"@id\":\"https:\\\/\\\/www.erika-group.cz\\\/#website\"},\"datePublished\":\"2025-05-28T16:33:00+00:00\",\"dateModified\":\"2026-04-26T06:33:04+00:00\",\"breadcrumb\":{\"@id\":\"https:\\\/\\\/www.erika-group.cz\\\/index.php\\\/kontakt\\\/#breadcrumb\"},\"inLanguage\":\"en-US\",\"potentialAction\":[{\"@type\":\"ReadAction\",\"target\":[\"https:\\\/\\\/www.erika-group.cz\\\/index.php\\\/kontakt\\\/\"]}]},{\"@type\":\"BreadcrumbList\",\"@id\":\"https:\\\/\\\/www.erika-group.cz\\\/index.php\\\/kontakt\\\/#breadcrumb\",\"itemListElement\":[{\"@type\":\"ListItem\",\"position\":1,\"name\":\"Home\",\"item\":\"https:\\\/\\\/www.erika-group.cz\\\/\"},{\"@type\":\"ListItem\",\"position\":2,\"name\":\"Kontakt\"}]},{\"@type\":\"WebSite\",\"@id\":\"https:\\\/\\\/www.erika-group.cz\\\/#website\",\"url\":\"https:\\\/\\\/www.erika-group.cz\\\/\",\"name\":\"Erika Group s.r.o.\",\"description\":\"\u017dijeme st\u0159electv\u00edm\",\"publisher\":{\"@id\":\"https:\\\/\\\/www.erika-group.cz\\\/#organization\"},\"potentialAction\":[{\"@type\":\"SearchAction\",\"target\":{\"@type\":\"EntryPoint\",\"urlTemplate\":\"https:\\\/\\\/www.erika-group.cz\\\/?s={search_term_string}\"},\"query-input\":{\"@type\":\"PropertyValueSpecification\",\"valueRequired\":true,\"valueName\":\"search_term_string\"}}],\"inLanguage\":\"en-US\"},{\"@type\":\"Organization\",\"@id\":\"https:\\\/\\\/www.erika-group.cz\\\/#organization\",\"name\":\"Erika Group s.r.o.\",\"url\":\"https:\\\/\\\/www.erika-group.cz\\\/\",\"logo\":{\"@type\":\"ImageObject\",\"inLanguage\":\"en-US\",\"@id\":\"https:\\\/\\\/www.erika-group.cz\\\/#\\\/schema\\\/logo\\\/image\\\/\",\"url\":\"https:\\\/\\\/www.erika-group.cz\\\/wp-content\\\/uploads\\\/2025\\\/01\\\/cropped-Erika-Group-EG-logo-png-scaled-1.png\",\"contentUrl\":\"https:\\\/\\\/www.erika-group.cz\\\/wp-content\\\/uploads\\\/2025\\\/01\\\/cropped-Erika-Group-EG-logo-png-scaled-1.png\",\"width\":2559,\"height\":335,\"caption\":\"Erika Group s.r.o.\"},\"image\":{\"@id\":\"https:\\\/\\\/www.erika-group.cz\\\/#\\\/schema\\\/logo\\\/image\\\/\"}}]}<\/script>\n<!-- \/ Yoast SEO plugin. -->","yoast_head_json":{"title":"Kontakt - Erika Group s.r.o.","robots":{"index":"index","follow":"follow","max-snippet":"max-snippet:-1","max-image-preview":"max-image-preview:large","max-video-preview":"max-video-preview:-1"},"canonical":"https:\/\/www.erika-group.cz\/index.php\/kontakt\/","og_locale":"en_US","og_type":"article","og_title":"Kontakt - Erika Group s.r.o.","og_description":"Zkuste trochu jin\u00fd teambuilding.","og_url":"https:\/\/www.erika-group.cz\/index.php\/kontakt\/","og_site_name":"Erika Group s.r.o.","article_modified_time":"2026-04-26T06:33:04+00:00","twitter_card":"summary_large_image","twitter_misc":{"Est. reading time":"1 minute"},"schema":{"@context":"https:\/\/schema.org","@graph":[{"@type":"WebPage","@id":"https:\/\/www.erika-group.cz\/index.php\/kontakt\/","url":"https:\/\/www.erika-group.cz\/index.php\/kontakt\/","name":"Kontakt - Erika Group s.r.o.","isPartOf":{"@id":"https:\/\/www.erika-group.cz\/#website"},"datePublished":"2025-05-28T16:33:00+00:00","dateModified":"2026-04-26T06:33:04+00:00","breadcrumb":{"@id":"https:\/\/www.erika-group.cz\/index.php\/kontakt\/#breadcrumb"},"inLanguage":"en-US","potentialAction":[{"@type":"ReadAction","target":["https:\/\/www.erika-group.cz\/index.php\/kontakt\/"]}]},{"@type":"BreadcrumbList","@id":"https:\/\/www.erika-group.cz\/index.php\/kontakt\/#breadcrumb","itemListElement":[{"@type":"ListItem","position":1,"name":"Home","item":"https:\/\/www.erika-group.cz\/"},{"@type":"ListItem","position":2,"name":"Kontakt"}]},{"@type":"WebSite","@id":"https:\/\/www.erika-group.cz\/#website","url":"https:\/\/www.erika-group.cz\/","name":"Erika Group s.r.o.","description":"\u017dijeme st\u0159electv\u00edm","publisher":{"@id":"https:\/\/www.erika-group.cz\/#organization"},"potentialAction":[{"@type":"SearchAction","target":{"@type":"EntryPoint","urlTemplate":"https:\/\/www.erika-group.cz\/?s={search_term_string}"},"query-input":{"@type":"PropertyValueSpecification","valueRequired":true,"valueName":"search_term_string"}}],"inLanguage":"en-US"},{"@type":"Organization","@id":"https:\/\/www.erika-group.cz\/#organization","name":"Erika Group s.r.o.","url":"https:\/\/www.erika-group.cz\/","logo":{"@type":"ImageObject","inLanguage":"en-US","@id":"https:\/\/www.erika-group.cz\/#\/schema\/logo\/image\/","url":"https:\/\/www.erika-group.cz\/wp-content\/uploads\/2025\/01\/cropped-Erika-Group-EG-logo-png-scaled-1.png","contentUrl":"https:\/\/www.erika-group.cz\/wp-content\/uploads\/2025\/01\/cropped-Erika-Group-EG-logo-png-scaled-1.png","width":2559,"height":335,"caption":"Erika Group s.r.o."},"image":{"@id":"https:\/\/www.erika-group.cz\/#\/schema\/logo\/image\/"}}]}},"_links":{"self":[{"href":"https:\/\/www.erika-group.cz\/index.php\/wp-json\/wp\/v2\/pages\/2126","targetHints":{"allow":["GET"]}}],"collection":[{"href":"https:\/\/www.erika-group.cz\/index.php\/wp-json\/wp\/v2\/pages"}],"about":[{"href":"https:\/\/www.erika-group.cz\/index.php\/wp-json\/wp\/v2\/types\/page"}],"author":[{"embeddable":true,"href":"https:\/\/www.erika-group.cz\/index.php\/wp-json\/wp\/v2\/users\/1"}],"replies":[{"embeddable":true,"href":"https:\/\/www.erika-group.cz\/index.php\/wp-json\/wp\/v2\/comments?post=2126"}],"version-history":[{"count":30,"href":"https:\/\/www.erika-group.cz\/index.php\/wp-json\/wp\/v2\/pages\/2126\/revisions"}],"predecessor-version":[{"id":2637,"href":"https:\/\/www.erika-group.cz\/index.php\/wp-json\/wp\/v2\/pages\/2126\/revisions\/2637"}],"wp:attachment":[{"href":"https:\/\/www.erika-group.cz\/index.php\/wp-json\/wp\/v2\/media?parent=2126"}],"curies":[{"name":"wp","href":"https:\/\/api.w.org\/{rel}","templated":true}]}}