{"id":2099,"date":"2025-05-27T06:35:29","date_gmt":"2025-05-27T06:35:29","guid":{"rendered":"https:\/\/www.erika-group.cz\/?page_id=2099"},"modified":"2025-06-10T05:25:25","modified_gmt":"2025-06-10T05:25:25","slug":"nas-tym","status":"publish","type":"page","link":"https:\/\/www.erika-group.cz\/index.php\/nas-tym\/","title":{"rendered":"N\u00e1\u0161 t\u00fdm"},"content":{"rendered":"\t\t<div data-elementor-type=\"wp-page\" data-elementor-id=\"2099\" class=\"elementor elementor-2099\">\n\t\t\t\t<div class=\"elementor-element elementor-element-138660e8 e-flex e-con-boxed e-con e-parent\" data-id=\"138660e8\" data-element_type=\"container\" data-e-type=\"container\">\n\t\t\t\t\t<div class=\"e-con-inner\">\n\t\t\t\t<div class=\"elementor-element elementor-element-5684d14d elementor-widget elementor-widget-text-editor\" data-id=\"5684d14d\" data-element_type=\"widget\" data-e-type=\"widget\" data-widget_type=\"text-editor.default\">\n\t\t\t\t<div class=\"elementor-widget-container\">\n\t\t\t\t\t\t\t\t\t<p>Jsme parta st\u0159eleck\u00fdch nad\u0161enc\u016f, kte\u0159\u00ed se rozhodli, \u017ee se o sv\u00e9 zku\u0161enosti pod\u011bl\u00ed i s v\u00e1mi. Chceme v\u00e1m uk\u00e1zat v\u0161echny str\u00e1nky st\u0159electv\u00ed. N\u011bkoho mo\u017en\u00e1 teprve nasm\u011b\u0159ujeme k tomuto kon\u00ed\u010dku st\u0159eleck\u00fdm z\u00e1\u017eitkem. Pak v\u00e1s um\u00ede p\u0159ipravit ke zkou\u0161ce na ZP, abyste se stali \u010dlenem st\u0159eleck\u00e9 komunity. Dal\u0161\u00edm chceme nab\u00eddnout mo\u017enost z\u00e1bavy na st\u0159elnici formou teambuildingu. Nebo si jen tak p\u0159ij\u010fte s partou kamar\u00e1d\u016f za\u017e\u00edt zbran\u011b, kter\u00e9 mo\u017en\u00e1 zn\u00e1te z filmu \u010di her.\u00a0M\u016f\u017eete tak\u00e9 vz\u00edt na st\u0159elnici partnera \u010di partnerku a str\u00e1vit tak spole\u010dn\u011b \u010das v atraktivn\u00edm prost\u0159ed\u00ed.<\/p><p>K tomu v\u0161emu je p\u0159ipraven n\u00e1\u0161 t\u00fdm.<\/p>\t\t\t\t\t\t\t\t<\/div>\n\t\t\t\t<\/div>\n\t\t\t\t\t<\/div>\n\t\t\t\t<\/div>\n\t\t<div class=\"elementor-element elementor-element-430450b e-flex e-con-boxed e-con e-parent\" data-id=\"430450b\" data-element_type=\"container\" data-e-type=\"container\">\n\t\t\t\t\t<div class=\"e-con-inner\">\n\t\t\t\t<div class=\"elementor-element elementor-element-5a40184 eael-team-align-eael-team-align-default elementor-widget elementor-widget-eael-team-member\" data-id=\"5a40184\" data-element_type=\"widget\" data-e-type=\"widget\" data-widget_type=\"eael-team-member.default\">\n\t\t\t\t<div class=\"elementor-widget-container\">\n\t\t\t\t\t\n\n\t<div id=\"eael-team-member-5a40184\" class=\"eael-team-item eael-team-members-simple \">\n\t\t<div class=\"eael-team-item-inner\">\n\t\t\t<div class=\"eael-team-image\">\n\t\t\t\t<figure>\n\t\t\t\t\t\t\t\t\t\t<img decoding=\"async\" src=\"https:\/\/www.erika-group.cz\/wp-content\/uploads\/elementor\/thumbs\/IMG_4452-scaled-qzk0lowze03t761b1wos1vyhk4of3ki0ulitvhxo56.jpg\" alt=\"\">\n\t\t\t\t\t\t\t\t\t<\/figure>\n\t\t\t\t\n\t\t\t\t\n\t\t\t<\/div>\n\n\t\t\t<div class=\"eael-team-content\">\n\t\t\t\t<h2 class=\"eael-team-member-name\">Petr \u0160antr\u016f\u010dek<\/h2><h3 class=\"eael-team-member-position\">Otec zakladatel<\/h3>\n\t\t\t\t\t\t\t\t\t\t\t\t\t\t<p class=\"eael-team-text\">Ke st\u0159electv\u00ed se dostal d\u00edky tlaku EU na odzbrojen\u00ed ob\u010dan\u016f a v dob\u011b schvalov\u00e1n\u00ed \"protizbra\u0148ov\u00e9 sm\u011brnice\" se rozhodl roz\u0161\u00ed\u0159it \u0159ady st\u0159elc\u016f.\nZ \u00famyslu podpo\u0159it pr\u00e1vo na zbra\u0148 se postupn\u011b stal kon\u00ed\u010dek.\nZ propojen\u00ed st\u0159electv\u00ed a historie se zrodil koncept z\u00e1\u017eitkov\u00e9 st\u0159elby, kdy ke ka\u017ed\u00e9 zbrani dostanete v\u00fdklad o jej\u00edm p\u016fvodu, konstrukt\u00e9rovi a historii pou\u017eit\u00ed.\nMimo to p\u0159ipravuje budouc\u00ed nov\u00e9 kolegy ke zkou\u0161k\u00e1m na ZP.<\/p>\n\t\t\t\t\t\t\t<\/div>\n\t\t<\/div>\n\t<\/div>\n\t\t\t\t\t<\/div>\n\t\t\t\t<\/div>\n\t\t\t\t<div class=\"elementor-element elementor-element-db364df eael-team-align-eael-team-align-default elementor-widget elementor-widget-eael-team-member\" data-id=\"db364df\" data-element_type=\"widget\" data-e-type=\"widget\" data-widget_type=\"eael-team-member.default\">\n\t\t\t\t<div class=\"elementor-widget-container\">\n\t\t\t\t\t\n\n\t<div id=\"eael-team-member-db364df\" class=\"eael-team-item eael-team-members-simple \">\n\t\t<div class=\"eael-team-item-inner\">\n\t\t\t<div class=\"eael-team-image\">\n\t\t\t\t<figure>\n\t\t\t\t\t\t\t\t\t\t<img decoding=\"async\" src=\"https:\/\/www.erika-group.cz\/wp-content\/uploads\/elementor\/thumbs\/IMG_5658-scaled-r6l43htyy7j3hmajkhfu5f1rjix2a5fyehorqmx45u.jpg\" alt=\"\">\n\t\t\t\t\t\t\t\t\t<\/figure>\n\t\t\t\t\n\t\t\t\t\n\t\t\t<\/div>\n\n\t\t\t<div class=\"eael-team-content\">\n\t\t\t\t<h2 class=\"eael-team-member-name\">Vil\u00e9m Kafka<\/h2><h3 class=\"eael-team-member-position\">Ostros\u0159elec<\/h3>\n\t\t\t\t\t\t\t\t\t\t\t\t\t\t<p class=\"eael-team-text\">Vilda v\u00e1s nau\u010d\u00ed m\u00ed\u0159en\u00e9 st\u0159elb\u011b a uvede do st\u0159elby sportovn\u00ed.\n<\/p>\n\t\t\t\t\t\t\t<\/div>\n\t\t<\/div>\n\t<\/div>\n\t\t\t\t\t<\/div>\n\t\t\t\t<\/div>\n\t\t\t\t\t<\/div>\n\t\t\t\t<\/div>\n\t\t<div class=\"elementor-element elementor-element-041da2e e-flex e-con-boxed e-con e-parent\" data-id=\"041da2e\" data-element_type=\"container\" data-e-type=\"container\">\n\t\t\t\t\t<div class=\"e-con-inner\">\n\t\t\t\t<div class=\"elementor-element elementor-element-4dbd5b3 eael-team-align-eael-team-align-default elementor-widget elementor-widget-eael-team-member\" data-id=\"4dbd5b3\" data-element_type=\"widget\" data-e-type=\"widget\" data-widget_type=\"eael-team-member.default\">\n\t\t\t\t<div class=\"elementor-widget-container\">\n\t\t\t\t\t\n\n\t<div id=\"eael-team-member-4dbd5b3\" class=\"eael-team-item eael-team-members-simple \">\n\t\t<div class=\"eael-team-item-inner\">\n\t\t\t<div class=\"eael-team-image\">\n\t\t\t\t<figure>\n\t\t\t\t\t\t\t\t\t\t<img decoding=\"async\" src=\"https:\/\/www.erika-group.cz\/wp-content\/uploads\/elementor\/thumbs\/Shooting2025_08-1-r71sk2lxjgiavm06it6ltxe2lzj7k7fu5tfwiekj6k.jpg\" alt=\"\">\n\t\t\t\t\t\t\t\t\t<\/figure>\n\t\t\t\t\n\t\t\t\t\n\t\t\t<\/div>\n\n\t\t\t<div class=\"eael-team-content\">\n\t\t\t\t<h2 class=\"eael-team-member-name\">Petr Machovec<\/h2><h3 class=\"eael-team-member-position\">Zbroj\u00ed\u0159<\/h3>\n\t\t\t\t\t\t\t\t\t\t\t\t\t\t<p class=\"eael-team-text\">St\u0159eleck\u00fd veter\u00e1n, kter\u00fd sv\u00e9 prvn\u00ed zku\u0161enosti sb\u00edral v dob\u011b Svazarmu sportovn\u00ed st\u0159elbou.\nSezn\u00e1m\u00ed v\u00e1s se zbran\u011bmi z na\u0161eho arzen\u00e1lu. Ke ka\u017ed\u00e9 v\u00e1m pov\u00ed, kdo ji zkonstruoval, jak\u00e9 m\u00e1 technick\u00e9 parametry a kde si zav\u00e1l\u010dila.<\/p>\n\t\t\t\t\t\t\t<\/div>\n\t\t<\/div>\n\t<\/div>\n\t\t\t\t\t<\/div>\n\t\t\t\t<\/div>\n\t\t\t\t\t<\/div>\n\t\t\t\t<\/div>\n\t\t<div class=\"elementor-element elementor-element-41b4b29 e-flex e-con-boxed e-con e-parent\" data-id=\"41b4b29\" data-element_type=\"container\" data-e-type=\"container\">\n\t\t\t\t\t<div class=\"e-con-inner\">\n\t\t\t\t<div class=\"elementor-element elementor-element-3a4f299 eael-team-align-eael-team-align-default elementor-widget elementor-widget-eael-team-member\" data-id=\"3a4f299\" data-element_type=\"widget\" data-e-type=\"widget\" data-widget_type=\"eael-team-member.default\">\n\t\t\t\t<div class=\"elementor-widget-container\">\n\t\t\t\t\t\n\n\t<div id=\"eael-team-member-3a4f299\" class=\"eael-team-item eael-team-members-simple \">\n\t\t<div class=\"eael-team-item-inner\">\n\t\t\t<div class=\"eael-team-image\">\n\t\t\t\t<figure>\n\t\t\t\t\t\t\t\t\t\t<img decoding=\"async\" src=\"https:\/\/www.erika-group.cz\/wp-content\/uploads\/2025\/06\/IMG_5700-1-e1749466655912.jpg\" alt=\"\">\n\t\t\t\t\t\t\t\t\t<\/figure>\n\t\t\t\t\n\t\t\t\t\n\t\t\t<\/div>\n\n\t\t\t<div class=\"eael-team-content\">\n\t\t\t\t<h2 class=\"eael-team-member-name\">Zbyn\u011bk Palla<\/h2><h3 class=\"eael-team-member-position\">U\u010ditel<\/h3>\n\t\t\t\t\t\t\t\t\t\t\t\t\t\t<p class=\"eael-team-text\">Zbyn\u011bk v\u00e1s provede z\u00e1klady st\u0159electv\u00ed a m\u00ed\u0159en\u00e9 st\u0159elby a p\u0159iprav\u00ed v\u00e1s ke zkou\u0161ce na ZP tak, abyste pro\u0161li na \"prvn\u00ed dobrou\".<\/p>\n\t\t\t\t\t\t\t<\/div>\n\t\t<\/div>\n\t<\/div>\n\t\t\t\t\t<\/div>\n\t\t\t\t<\/div>\n\t\t\t\t\t<\/div>\n\t\t\t\t<\/div>\n\t\t\t\t<\/div>\n\t\t","protected":false},"excerpt":{"rendered":"<p>P\u0159iprav\u00edme v\u00e1s ke zkou\u0161ce na ZP.<\/p>\n","protected":false},"author":1,"featured_media":0,"parent":0,"menu_order":0,"comment_status":"closed","ping_status":"closed","template":"","meta":{"_eb_attr":"","footnotes":""},"class_list":["post-2099","page","type-page","status-publish","hentry"],"yoast_head":"<!-- This site is optimized with the Yoast SEO plugin v27.5 - https:\/\/yoast.com\/product\/yoast-seo-wordpress\/ -->\n<title>N\u00e1\u0161 t\u00fdm - Erika Group s.r.o.<\/title>\n<meta name=\"robots\" content=\"index, follow, max-snippet:-1, max-image-preview:large, max-video-preview:-1\" \/>\n<link rel=\"canonical\" href=\"https:\/\/www.erika-group.cz\/index.php\/nas-tym\/\" \/>\n<meta property=\"og:locale\" content=\"en_US\" \/>\n<meta property=\"og:type\" content=\"article\" \/>\n<meta property=\"og:title\" content=\"N\u00e1\u0161 t\u00fdm - Erika Group s.r.o.\" \/>\n<meta property=\"og:description\" content=\"P\u0159iprav\u00edme v\u00e1s ke zkou\u0161ce na ZP.\" \/>\n<meta property=\"og:url\" content=\"https:\/\/www.erika-group.cz\/index.php\/nas-tym\/\" \/>\n<meta property=\"og:site_name\" content=\"Erika Group s.r.o.\" \/>\n<meta property=\"article:modified_time\" content=\"2025-06-10T05:25:25+00:00\" \/>\n<meta property=\"og:image\" content=\"https:\/\/www.erika-group.cz\/wp-content\/uploads\/elementor\/thumbs\/IMG_4452-scaled-qzk0lowze03t761b1wos1vyhk4of3ki0ulitvhxo56.jpg\" \/>\n<meta name=\"twitter:card\" content=\"summary_large_image\" \/>\n<meta name=\"twitter:label1\" content=\"Est. reading time\" \/>\n\t<meta name=\"twitter:data1\" content=\"2 minutes\" \/>\n<script type=\"application\/ld+json\" class=\"yoast-schema-graph\">{\"@context\":\"https:\\\/\\\/schema.org\",\"@graph\":[{\"@type\":\"WebPage\",\"@id\":\"https:\\\/\\\/www.erika-group.cz\\\/index.php\\\/nas-tym\\\/\",\"url\":\"https:\\\/\\\/www.erika-group.cz\\\/index.php\\\/nas-tym\\\/\",\"name\":\"N\u00e1\u0161 t\u00fdm - Erika Group s.r.o.\",\"isPartOf\":{\"@id\":\"https:\\\/\\\/www.erika-group.cz\\\/#website\"},\"primaryImageOfPage\":{\"@id\":\"https:\\\/\\\/www.erika-group.cz\\\/index.php\\\/nas-tym\\\/#primaryimage\"},\"image\":{\"@id\":\"https:\\\/\\\/www.erika-group.cz\\\/index.php\\\/nas-tym\\\/#primaryimage\"},\"thumbnailUrl\":\"https:\\\/\\\/www.erika-group.cz\\\/wp-content\\\/uploads\\\/elementor\\\/thumbs\\\/IMG_4452-scaled-qzk0lowze03t761b1wos1vyhk4of3ki0ulitvhxo56.jpg\",\"datePublished\":\"2025-05-27T06:35:29+00:00\",\"dateModified\":\"2025-06-10T05:25:25+00:00\",\"breadcrumb\":{\"@id\":\"https:\\\/\\\/www.erika-group.cz\\\/index.php\\\/nas-tym\\\/#breadcrumb\"},\"inLanguage\":\"en-US\",\"potentialAction\":[{\"@type\":\"ReadAction\",\"target\":[\"https:\\\/\\\/www.erika-group.cz\\\/index.php\\\/nas-tym\\\/\"]}]},{\"@type\":\"ImageObject\",\"inLanguage\":\"en-US\",\"@id\":\"https:\\\/\\\/www.erika-group.cz\\\/index.php\\\/nas-tym\\\/#primaryimage\",\"url\":\"https:\\\/\\\/www.erika-group.cz\\\/wp-content\\\/uploads\\\/elementor\\\/thumbs\\\/IMG_4452-scaled-qzk0lowze03t761b1wos1vyhk4of3ki0ulitvhxo56.jpg\",\"contentUrl\":\"https:\\\/\\\/www.erika-group.cz\\\/wp-content\\\/uploads\\\/elementor\\\/thumbs\\\/IMG_4452-scaled-qzk0lowze03t761b1wos1vyhk4of3ki0ulitvhxo56.jpg\"},{\"@type\":\"BreadcrumbList\",\"@id\":\"https:\\\/\\\/www.erika-group.cz\\\/index.php\\\/nas-tym\\\/#breadcrumb\",\"itemListElement\":[{\"@type\":\"ListItem\",\"position\":1,\"name\":\"Home\",\"item\":\"https:\\\/\\\/www.erika-group.cz\\\/\"},{\"@type\":\"ListItem\",\"position\":2,\"name\":\"N\u00e1\u0161 t\u00fdm\"}]},{\"@type\":\"WebSite\",\"@id\":\"https:\\\/\\\/www.erika-group.cz\\\/#website\",\"url\":\"https:\\\/\\\/www.erika-group.cz\\\/\",\"name\":\"Erika Group s.r.o.\",\"description\":\"\u017dijeme st\u0159electv\u00edm\",\"publisher\":{\"@id\":\"https:\\\/\\\/www.erika-group.cz\\\/#organization\"},\"potentialAction\":[{\"@type\":\"SearchAction\",\"target\":{\"@type\":\"EntryPoint\",\"urlTemplate\":\"https:\\\/\\\/www.erika-group.cz\\\/?s={search_term_string}\"},\"query-input\":{\"@type\":\"PropertyValueSpecification\",\"valueRequired\":true,\"valueName\":\"search_term_string\"}}],\"inLanguage\":\"en-US\"},{\"@type\":\"Organization\",\"@id\":\"https:\\\/\\\/www.erika-group.cz\\\/#organization\",\"name\":\"Erika Group s.r.o.\",\"url\":\"https:\\\/\\\/www.erika-group.cz\\\/\",\"logo\":{\"@type\":\"ImageObject\",\"inLanguage\":\"en-US\",\"@id\":\"https:\\\/\\\/www.erika-group.cz\\\/#\\\/schema\\\/logo\\\/image\\\/\",\"url\":\"https:\\\/\\\/www.erika-group.cz\\\/wp-content\\\/uploads\\\/2025\\\/01\\\/cropped-Erika-Group-EG-logo-png-scaled-1.png\",\"contentUrl\":\"https:\\\/\\\/www.erika-group.cz\\\/wp-content\\\/uploads\\\/2025\\\/01\\\/cropped-Erika-Group-EG-logo-png-scaled-1.png\",\"width\":2559,\"height\":335,\"caption\":\"Erika Group s.r.o.\"},\"image\":{\"@id\":\"https:\\\/\\\/www.erika-group.cz\\\/#\\\/schema\\\/logo\\\/image\\\/\"}}]}<\/script>\n<!-- \/ Yoast SEO plugin. -->","yoast_head_json":{"title":"N\u00e1\u0161 t\u00fdm - Erika Group s.r.o.","robots":{"index":"index","follow":"follow","max-snippet":"max-snippet:-1","max-image-preview":"max-image-preview:large","max-video-preview":"max-video-preview:-1"},"canonical":"https:\/\/www.erika-group.cz\/index.php\/nas-tym\/","og_locale":"en_US","og_type":"article","og_title":"N\u00e1\u0161 t\u00fdm - Erika Group s.r.o.","og_description":"P\u0159iprav\u00edme v\u00e1s ke zkou\u0161ce na ZP.","og_url":"https:\/\/www.erika-group.cz\/index.php\/nas-tym\/","og_site_name":"Erika Group s.r.o.","article_modified_time":"2025-06-10T05:25:25+00:00","og_image":[{"url":"https:\/\/www.erika-group.cz\/wp-content\/uploads\/elementor\/thumbs\/IMG_4452-scaled-qzk0lowze03t761b1wos1vyhk4of3ki0ulitvhxo56.jpg","type":"","width":"","height":""}],"twitter_card":"summary_large_image","twitter_misc":{"Est. reading time":"2 minutes"},"schema":{"@context":"https:\/\/schema.org","@graph":[{"@type":"WebPage","@id":"https:\/\/www.erika-group.cz\/index.php\/nas-tym\/","url":"https:\/\/www.erika-group.cz\/index.php\/nas-tym\/","name":"N\u00e1\u0161 t\u00fdm - Erika Group s.r.o.","isPartOf":{"@id":"https:\/\/www.erika-group.cz\/#website"},"primaryImageOfPage":{"@id":"https:\/\/www.erika-group.cz\/index.php\/nas-tym\/#primaryimage"},"image":{"@id":"https:\/\/www.erika-group.cz\/index.php\/nas-tym\/#primaryimage"},"thumbnailUrl":"https:\/\/www.erika-group.cz\/wp-content\/uploads\/elementor\/thumbs\/IMG_4452-scaled-qzk0lowze03t761b1wos1vyhk4of3ki0ulitvhxo56.jpg","datePublished":"2025-05-27T06:35:29+00:00","dateModified":"2025-06-10T05:25:25+00:00","breadcrumb":{"@id":"https:\/\/www.erika-group.cz\/index.php\/nas-tym\/#breadcrumb"},"inLanguage":"en-US","potentialAction":[{"@type":"ReadAction","target":["https:\/\/www.erika-group.cz\/index.php\/nas-tym\/"]}]},{"@type":"ImageObject","inLanguage":"en-US","@id":"https:\/\/www.erika-group.cz\/index.php\/nas-tym\/#primaryimage","url":"https:\/\/www.erika-group.cz\/wp-content\/uploads\/elementor\/thumbs\/IMG_4452-scaled-qzk0lowze03t761b1wos1vyhk4of3ki0ulitvhxo56.jpg","contentUrl":"https:\/\/www.erika-group.cz\/wp-content\/uploads\/elementor\/thumbs\/IMG_4452-scaled-qzk0lowze03t761b1wos1vyhk4of3ki0ulitvhxo56.jpg"},{"@type":"BreadcrumbList","@id":"https:\/\/www.erika-group.cz\/index.php\/nas-tym\/#breadcrumb","itemListElement":[{"@type":"ListItem","position":1,"name":"Home","item":"https:\/\/www.erika-group.cz\/"},{"@type":"ListItem","position":2,"name":"N\u00e1\u0161 t\u00fdm"}]},{"@type":"WebSite","@id":"https:\/\/www.erika-group.cz\/#website","url":"https:\/\/www.erika-group.cz\/","name":"Erika Group s.r.o.","description":"\u017dijeme st\u0159electv\u00edm","publisher":{"@id":"https:\/\/www.erika-group.cz\/#organization"},"potentialAction":[{"@type":"SearchAction","target":{"@type":"EntryPoint","urlTemplate":"https:\/\/www.erika-group.cz\/?s={search_term_string}"},"query-input":{"@type":"PropertyValueSpecification","valueRequired":true,"valueName":"search_term_string"}}],"inLanguage":"en-US"},{"@type":"Organization","@id":"https:\/\/www.erika-group.cz\/#organization","name":"Erika Group s.r.o.","url":"https:\/\/www.erika-group.cz\/","logo":{"@type":"ImageObject","inLanguage":"en-US","@id":"https:\/\/www.erika-group.cz\/#\/schema\/logo\/image\/","url":"https:\/\/www.erika-group.cz\/wp-content\/uploads\/2025\/01\/cropped-Erika-Group-EG-logo-png-scaled-1.png","contentUrl":"https:\/\/www.erika-group.cz\/wp-content\/uploads\/2025\/01\/cropped-Erika-Group-EG-logo-png-scaled-1.png","width":2559,"height":335,"caption":"Erika Group s.r.o."},"image":{"@id":"https:\/\/www.erika-group.cz\/#\/schema\/logo\/image\/"}}]}},"_links":{"self":[{"href":"https:\/\/www.erika-group.cz\/index.php\/wp-json\/wp\/v2\/pages\/2099","targetHints":{"allow":["GET"]}}],"collection":[{"href":"https:\/\/www.erika-group.cz\/index.php\/wp-json\/wp\/v2\/pages"}],"about":[{"href":"https:\/\/www.erika-group.cz\/index.php\/wp-json\/wp\/v2\/types\/page"}],"author":[{"embeddable":true,"href":"https:\/\/www.erika-group.cz\/index.php\/wp-json\/wp\/v2\/users\/1"}],"replies":[{"embeddable":true,"href":"https:\/\/www.erika-group.cz\/index.php\/wp-json\/wp\/v2\/comments?post=2099"}],"version-history":[{"count":52,"href":"https:\/\/www.erika-group.cz\/index.php\/wp-json\/wp\/v2\/pages\/2099\/revisions"}],"predecessor-version":[{"id":2467,"href":"https:\/\/www.erika-group.cz\/index.php\/wp-json\/wp\/v2\/pages\/2099\/revisions\/2467"}],"wp:attachment":[{"href":"https:\/\/www.erika-group.cz\/index.php\/wp-json\/wp\/v2\/media?parent=2099"}],"curies":[{"name":"wp","href":"https:\/\/api.w.org\/{rel}","templated":true}]}}