{"id":1994,"date":"2025-05-25T19:58:25","date_gmt":"2025-05-25T19:58:25","guid":{"rendered":"https:\/\/www.erika-group.cz\/?page_id=1994"},"modified":"2025-06-04T06:28:08","modified_gmt":"2025-06-04T06:28:08","slug":"zazitkova-strelba","status":"publish","type":"page","link":"https:\/\/www.erika-group.cz\/index.php\/zazitkova-strelba\/","title":{"rendered":"Z\u00e1\u017eitkov\u00e1 st\u0159elba"},"content":{"rendered":"\t\t<div data-elementor-type=\"wp-page\" data-elementor-id=\"1994\" class=\"elementor elementor-1994\">\n\t\t\t\t<div class=\"elementor-element elementor-element-138660e8 e-flex e-con-boxed e-con e-parent\" data-id=\"138660e8\" data-element_type=\"container\" data-e-type=\"container\">\n\t\t\t\t\t<div class=\"e-con-inner\">\n\t\t\t\t<div class=\"elementor-element elementor-element-5684d14d elementor-widget elementor-widget-text-editor\" data-id=\"5684d14d\" data-element_type=\"widget\" data-e-type=\"widget\" data-widget_type=\"text-editor.default\">\n\t\t\t\t<div class=\"elementor-widget-container\">\n\t\t\t\t\t\t\t\t\t<p>A\u0165 ji\u017e m\u00e1te n\u011bjak\u00e9 zku\u0161enosti se zbran\u011bmi nebo jste zat\u00edm nem\u011bli tu mo\u017enost, tohle je akce p\u0159esn\u011b pro v\u00e1s.\u00a0U n\u00e1s m\u016f\u017eete za\u017e\u00edt ochutn\u00e1vku zbran\u00ed, kter\u00e9 mo\u017en\u00e1 zn\u00e1te jen z film\u016f \u010di her.<\/p><p>Na\u0161e slu\u017eba nen\u00ed ve form\u00e1tu, kter\u00fd asi zn\u00e1te z r\u016fzn\u00fdch slevomatov\u00fdch akc\u00ed, kdy jde sp\u00ed\u0161e o st\u0159eleck\u00fd McDonalds zam\u011b\u0159en\u00fd na &#8220;odbaven\u00ed&#8221; co nejv\u011bt\u0161\u00edho po\u010dtu \u00fa\u010dastn\u00edk\u016f v co nejkrat\u0161\u00edm \u010dase.<\/p><p>M\u016f\u017eete si vybrat z pestr\u00e9 <a href=\"https:\/\/www.erika-group.cz\/index.php\/zbrane\/\" target=\"_blank\" rel=\"noopener\">nab\u00eddky zbran\u00ed<\/a>.<\/p>\t\t\t\t\t\t\t\t<\/div>\n\t\t\t\t<\/div>\n\t\t\t\t\t<\/div>\n\t\t\t\t<\/div>\n\t\t<div class=\"elementor-element elementor-element-8b72265 e-flex e-con-boxed e-con e-parent\" data-id=\"8b72265\" data-element_type=\"container\" data-e-type=\"container\">\n\t\t\t\t\t<div class=\"e-con-inner\">\n\t\t\t\t<div class=\"elementor-element elementor-element-fa5e185 elementor-widget elementor-widget-text-editor\" data-id=\"fa5e185\" data-element_type=\"widget\" data-e-type=\"widget\" data-widget_type=\"text-editor.default\">\n\t\t\t\t<div class=\"elementor-widget-container\">\n\t\t\t\t\t\t\t\t\t<h3>Jak to prob\u00edh\u00e1?<\/h3>\t\t\t\t\t\t\t\t<\/div>\n\t\t\t\t<\/div>\n\t\t\t\t\t<\/div>\n\t\t\t\t<\/div>\n\t\t<div class=\"elementor-element elementor-element-bc74c60 e-flex e-con-boxed e-con e-parent\" data-id=\"bc74c60\" data-element_type=\"container\" data-e-type=\"container\">\n\t\t\t\t\t<div class=\"e-con-inner\">\n\t\t\t\t<div class=\"elementor-element elementor-element-afa4752 elementor-widget elementor-widget-text-editor\" data-id=\"afa4752\" data-element_type=\"widget\" data-e-type=\"widget\" data-widget_type=\"text-editor.default\">\n\t\t\t\t<div class=\"elementor-widget-container\">\n\t\t\t\t\t\t\t\t\t<ul><li>registrace \u00fa\u010dastn\u00edk\u016f (je nutn\u00fd doklad toto\u017enosti, p\u0159\u00edpadn\u011b ZP)<\/li><li>pou\u010den\u00ed o pravidlech a bezpe\u010dnosti<\/li><li>vysv\u011btlen\u00ed pr\u016fb\u011bhu akce<\/li><li>p\u0159edstaven\u00ed zbran\u00ed, jejich p\u016fvodu, historie a zaj\u00edmavost\u00ed. Ke ka\u017ed\u00e9 zbrani m\u00e1me ti\u0161t\u011bn\u00fd profil, abyste si skute\u010dn\u011b vybrali ty, kter\u00e9 opravdu chcete &#8220;za\u017e\u00edt&#8221;.<\/li><li>v\u00fdb\u011br zbran\u00ed \u00fa\u010dastn\u00edky<\/li><li>samotn\u00e1 st\u0159elba pod dozorem instruktor\u016f. Proto\u017ee si zbra\u0148 m\u00e1te za\u017e\u00edt, budete si ji sami (pod dozorem) nab\u00edjet. Z ka\u017ed\u00e9 zbran\u011b budete st\u0159\u00edlet 2 s\u00e9rie (typicky 10 a 10 ran, proto\u017ee chceme, abyste si z ka\u017ed\u00e9 z nich odnesli v\u00edc, ne\u017e jen to, \u017ee d\u011bl\u00e1 &#8220;bum&#8221;.<\/li><li>v pr\u016fb\u011bhu akce je mo\u017enost zajistit ob\u010derstven\u00ed dle dohody<\/li><\/ul>\t\t\t\t\t\t\t\t<\/div>\n\t\t\t\t<\/div>\n\t\t\t\t\t<\/div>\n\t\t\t\t<\/div>\n\t\t<div class=\"elementor-element elementor-element-f757531 e-flex e-con-boxed e-con e-parent\" data-id=\"f757531\" data-element_type=\"container\" data-e-type=\"container\">\n\t\t\t\t\t<div class=\"e-con-inner\">\n\t\t\t\t<div class=\"elementor-element elementor-element-9457b9d elementor-widget elementor-widget-text-editor\" data-id=\"9457b9d\" data-element_type=\"widget\" data-e-type=\"widget\" data-widget_type=\"text-editor.default\">\n\t\t\t\t<div class=\"elementor-widget-container\">\n\t\t\t\t\t\t\t\t\t<p>C\u00edlem t\u00e9to slu\u017eby je op\u011bt bezpe\u010dnost a z\u00e1bava, p\u0159esn\u011b v tomto po\u0159ad\u00ed. D\u016fle\u017eit\u00e9 je, abyste si odnesli opravdu siln\u00fd z\u00e1\u017eitek p\u0159i zachov\u00e1n\u00ed bezpe\u010dnosti. Budete odch\u00e1zet s pocitem, \u017ee jste vybran\u00e9 zbran\u011b opravdu poznali.<\/p>\t\t\t\t\t\t\t\t<\/div>\n\t\t\t\t<\/div>\n\t\t\t\t\t<\/div>\n\t\t\t\t<\/div>\n\t\t<div class=\"elementor-element elementor-element-3cb0855 e-flex e-con-boxed e-con e-parent\" data-id=\"3cb0855\" data-element_type=\"container\" data-e-type=\"container\">\n\t\t\t\t\t<div class=\"e-con-inner\">\n\t\t\t\t<div class=\"elementor-element elementor-element-a3cb668 elementor-widget elementor-widget-heading\" data-id=\"a3cb668\" data-element_type=\"widget\" data-e-type=\"widget\" data-widget_type=\"heading.default\">\n\t\t\t\t<div class=\"elementor-widget-container\">\n\t\t\t\t\t<h3 class=\"elementor-heading-title elementor-size-default\">Finan\u010dn\u00ed a \u010dasov\u00e1 n\u00e1ro\u010dnost slu\u017eby:<\/h3>\t\t\t\t<\/div>\n\t\t\t\t<\/div>\n\t\t\t\t\t<\/div>\n\t\t\t\t<\/div>\n\t\t<div class=\"elementor-element elementor-element-80cc8e3 e-flex e-con-boxed e-con e-parent\" data-id=\"80cc8e3\" data-element_type=\"container\" data-e-type=\"container\">\n\t\t\t\t\t<div class=\"e-con-inner\">\n\t\t\t\t<div class=\"elementor-element elementor-element-2fb42b8 elementor-widget elementor-widget-spacer\" data-id=\"2fb42b8\" data-element_type=\"widget\" data-e-type=\"widget\" data-widget_type=\"spacer.default\">\n\t\t\t\t<div class=\"elementor-widget-container\">\n\t\t\t\t\t\t\t<div class=\"elementor-spacer\">\n\t\t\t<div class=\"elementor-spacer-inner\"><\/div>\n\t\t<\/div>\n\t\t\t\t\t\t<\/div>\n\t\t\t\t<\/div>\n\t\t\t\t<div class=\"elementor-element elementor-element-0b6225b elementor-widget elementor-widget-text-editor\" data-id=\"0b6225b\" data-element_type=\"widget\" data-e-type=\"widget\" data-widget_type=\"text-editor.default\">\n\t\t\t\t<div class=\"elementor-widget-container\">\n\t\t\t\t\t\t\t\t\t<p>Maxim\u00e1ln\u00ed rozsah akce je 8 hodin.<\/p>\t\t\t\t\t\t\t\t<\/div>\n\t\t\t\t<\/div>\n\t\t\t\t\t<\/div>\n\t\t\t\t<\/div>\n\t\t<div class=\"elementor-element elementor-element-a402979 e-flex e-con-boxed e-con e-parent\" data-id=\"a402979\" data-element_type=\"container\" data-e-type=\"container\">\n\t\t\t\t\t<div class=\"e-con-inner\">\n\t\t\t\t<div class=\"elementor-element elementor-element-c7948f6 elementor-widget elementor-widget-text-editor\" data-id=\"c7948f6\" data-element_type=\"widget\" data-e-type=\"widget\" data-widget_type=\"text-editor.default\">\n\t\t\t\t<div class=\"elementor-widget-container\">\n\t\t\t\t\t\t\t\t\t<ul><li>kontaktujte n\u00e1s pro cenovou nab\u00eddku<\/li><\/ul>\t\t\t\t\t\t\t\t<\/div>\n\t\t\t\t<\/div>\n\t\t\t\t\t<\/div>\n\t\t\t\t<\/div>\n\t\t\t\t<\/div>\n\t\t","protected":false},"excerpt":{"rendered":"<p>Poznejte zbran\u011b, kter\u00e9 zn\u00e1te z film\u016f a her.<\/p>\n","protected":false},"author":1,"featured_media":0,"parent":0,"menu_order":0,"comment_status":"closed","ping_status":"closed","template":"","meta":{"_eb_attr":"","footnotes":""},"class_list":["post-1994","page","type-page","status-publish","hentry"],"yoast_head":"<!-- This site is optimized with the Yoast SEO plugin v27.5 - https:\/\/yoast.com\/product\/yoast-seo-wordpress\/ -->\n<title>Z\u00e1\u017eitkov\u00e1 st\u0159elba - Erika Group s.r.o.<\/title>\n<meta name=\"robots\" content=\"index, follow, max-snippet:-1, max-image-preview:large, max-video-preview:-1\" \/>\n<link rel=\"canonical\" href=\"https:\/\/www.erika-group.cz\/index.php\/zazitkova-strelba\/\" \/>\n<meta property=\"og:locale\" content=\"en_US\" \/>\n<meta property=\"og:type\" content=\"article\" \/>\n<meta property=\"og:title\" content=\"Z\u00e1\u017eitkov\u00e1 st\u0159elba - Erika Group s.r.o.\" \/>\n<meta property=\"og:description\" content=\"Poznejte zbran\u011b, kter\u00e9 zn\u00e1te z film\u016f a her.\" \/>\n<meta property=\"og:url\" content=\"https:\/\/www.erika-group.cz\/index.php\/zazitkova-strelba\/\" \/>\n<meta property=\"og:site_name\" content=\"Erika Group s.r.o.\" \/>\n<meta property=\"article:modified_time\" content=\"2025-06-04T06:28:08+00:00\" \/>\n<meta name=\"twitter:card\" content=\"summary_large_image\" \/>\n<meta name=\"twitter:label1\" content=\"Est. reading time\" \/>\n\t<meta name=\"twitter:data1\" content=\"1 minute\" \/>\n<script type=\"application\/ld+json\" class=\"yoast-schema-graph\">{\"@context\":\"https:\\\/\\\/schema.org\",\"@graph\":[{\"@type\":\"WebPage\",\"@id\":\"https:\\\/\\\/www.erika-group.cz\\\/index.php\\\/zazitkova-strelba\\\/\",\"url\":\"https:\\\/\\\/www.erika-group.cz\\\/index.php\\\/zazitkova-strelba\\\/\",\"name\":\"Z\u00e1\u017eitkov\u00e1 st\u0159elba - Erika Group s.r.o.\",\"isPartOf\":{\"@id\":\"https:\\\/\\\/www.erika-group.cz\\\/#website\"},\"datePublished\":\"2025-05-25T19:58:25+00:00\",\"dateModified\":\"2025-06-04T06:28:08+00:00\",\"breadcrumb\":{\"@id\":\"https:\\\/\\\/www.erika-group.cz\\\/index.php\\\/zazitkova-strelba\\\/#breadcrumb\"},\"inLanguage\":\"en-US\",\"potentialAction\":[{\"@type\":\"ReadAction\",\"target\":[\"https:\\\/\\\/www.erika-group.cz\\\/index.php\\\/zazitkova-strelba\\\/\"]}]},{\"@type\":\"BreadcrumbList\",\"@id\":\"https:\\\/\\\/www.erika-group.cz\\\/index.php\\\/zazitkova-strelba\\\/#breadcrumb\",\"itemListElement\":[{\"@type\":\"ListItem\",\"position\":1,\"name\":\"Home\",\"item\":\"https:\\\/\\\/www.erika-group.cz\\\/\"},{\"@type\":\"ListItem\",\"position\":2,\"name\":\"Z\u00e1\u017eitkov\u00e1 st\u0159elba\"}]},{\"@type\":\"WebSite\",\"@id\":\"https:\\\/\\\/www.erika-group.cz\\\/#website\",\"url\":\"https:\\\/\\\/www.erika-group.cz\\\/\",\"name\":\"Erika Group s.r.o.\",\"description\":\"\u017dijeme st\u0159electv\u00edm\",\"publisher\":{\"@id\":\"https:\\\/\\\/www.erika-group.cz\\\/#organization\"},\"potentialAction\":[{\"@type\":\"SearchAction\",\"target\":{\"@type\":\"EntryPoint\",\"urlTemplate\":\"https:\\\/\\\/www.erika-group.cz\\\/?s={search_term_string}\"},\"query-input\":{\"@type\":\"PropertyValueSpecification\",\"valueRequired\":true,\"valueName\":\"search_term_string\"}}],\"inLanguage\":\"en-US\"},{\"@type\":\"Organization\",\"@id\":\"https:\\\/\\\/www.erika-group.cz\\\/#organization\",\"name\":\"Erika Group s.r.o.\",\"url\":\"https:\\\/\\\/www.erika-group.cz\\\/\",\"logo\":{\"@type\":\"ImageObject\",\"inLanguage\":\"en-US\",\"@id\":\"https:\\\/\\\/www.erika-group.cz\\\/#\\\/schema\\\/logo\\\/image\\\/\",\"url\":\"https:\\\/\\\/www.erika-group.cz\\\/wp-content\\\/uploads\\\/2025\\\/01\\\/cropped-Erika-Group-EG-logo-png-scaled-1.png\",\"contentUrl\":\"https:\\\/\\\/www.erika-group.cz\\\/wp-content\\\/uploads\\\/2025\\\/01\\\/cropped-Erika-Group-EG-logo-png-scaled-1.png\",\"width\":2559,\"height\":335,\"caption\":\"Erika Group s.r.o.\"},\"image\":{\"@id\":\"https:\\\/\\\/www.erika-group.cz\\\/#\\\/schema\\\/logo\\\/image\\\/\"}}]}<\/script>\n<!-- \/ Yoast SEO plugin. -->","yoast_head_json":{"title":"Z\u00e1\u017eitkov\u00e1 st\u0159elba - Erika Group s.r.o.","robots":{"index":"index","follow":"follow","max-snippet":"max-snippet:-1","max-image-preview":"max-image-preview:large","max-video-preview":"max-video-preview:-1"},"canonical":"https:\/\/www.erika-group.cz\/index.php\/zazitkova-strelba\/","og_locale":"en_US","og_type":"article","og_title":"Z\u00e1\u017eitkov\u00e1 st\u0159elba - Erika Group s.r.o.","og_description":"Poznejte zbran\u011b, kter\u00e9 zn\u00e1te z film\u016f a her.","og_url":"https:\/\/www.erika-group.cz\/index.php\/zazitkova-strelba\/","og_site_name":"Erika Group s.r.o.","article_modified_time":"2025-06-04T06:28:08+00:00","twitter_card":"summary_large_image","twitter_misc":{"Est. reading time":"1 minute"},"schema":{"@context":"https:\/\/schema.org","@graph":[{"@type":"WebPage","@id":"https:\/\/www.erika-group.cz\/index.php\/zazitkova-strelba\/","url":"https:\/\/www.erika-group.cz\/index.php\/zazitkova-strelba\/","name":"Z\u00e1\u017eitkov\u00e1 st\u0159elba - Erika Group s.r.o.","isPartOf":{"@id":"https:\/\/www.erika-group.cz\/#website"},"datePublished":"2025-05-25T19:58:25+00:00","dateModified":"2025-06-04T06:28:08+00:00","breadcrumb":{"@id":"https:\/\/www.erika-group.cz\/index.php\/zazitkova-strelba\/#breadcrumb"},"inLanguage":"en-US","potentialAction":[{"@type":"ReadAction","target":["https:\/\/www.erika-group.cz\/index.php\/zazitkova-strelba\/"]}]},{"@type":"BreadcrumbList","@id":"https:\/\/www.erika-group.cz\/index.php\/zazitkova-strelba\/#breadcrumb","itemListElement":[{"@type":"ListItem","position":1,"name":"Home","item":"https:\/\/www.erika-group.cz\/"},{"@type":"ListItem","position":2,"name":"Z\u00e1\u017eitkov\u00e1 st\u0159elba"}]},{"@type":"WebSite","@id":"https:\/\/www.erika-group.cz\/#website","url":"https:\/\/www.erika-group.cz\/","name":"Erika Group s.r.o.","description":"\u017dijeme st\u0159electv\u00edm","publisher":{"@id":"https:\/\/www.erika-group.cz\/#organization"},"potentialAction":[{"@type":"SearchAction","target":{"@type":"EntryPoint","urlTemplate":"https:\/\/www.erika-group.cz\/?s={search_term_string}"},"query-input":{"@type":"PropertyValueSpecification","valueRequired":true,"valueName":"search_term_string"}}],"inLanguage":"en-US"},{"@type":"Organization","@id":"https:\/\/www.erika-group.cz\/#organization","name":"Erika Group s.r.o.","url":"https:\/\/www.erika-group.cz\/","logo":{"@type":"ImageObject","inLanguage":"en-US","@id":"https:\/\/www.erika-group.cz\/#\/schema\/logo\/image\/","url":"https:\/\/www.erika-group.cz\/wp-content\/uploads\/2025\/01\/cropped-Erika-Group-EG-logo-png-scaled-1.png","contentUrl":"https:\/\/www.erika-group.cz\/wp-content\/uploads\/2025\/01\/cropped-Erika-Group-EG-logo-png-scaled-1.png","width":2559,"height":335,"caption":"Erika Group s.r.o."},"image":{"@id":"https:\/\/www.erika-group.cz\/#\/schema\/logo\/image\/"}}]}},"_links":{"self":[{"href":"https:\/\/www.erika-group.cz\/index.php\/wp-json\/wp\/v2\/pages\/1994","targetHints":{"allow":["GET"]}}],"collection":[{"href":"https:\/\/www.erika-group.cz\/index.php\/wp-json\/wp\/v2\/pages"}],"about":[{"href":"https:\/\/www.erika-group.cz\/index.php\/wp-json\/wp\/v2\/types\/page"}],"author":[{"embeddable":true,"href":"https:\/\/www.erika-group.cz\/index.php\/wp-json\/wp\/v2\/users\/1"}],"replies":[{"embeddable":true,"href":"https:\/\/www.erika-group.cz\/index.php\/wp-json\/wp\/v2\/comments?post=1994"}],"version-history":[{"count":20,"href":"https:\/\/www.erika-group.cz\/index.php\/wp-json\/wp\/v2\/pages\/1994\/revisions"}],"predecessor-version":[{"id":2349,"href":"https:\/\/www.erika-group.cz\/index.php\/wp-json\/wp\/v2\/pages\/1994\/revisions\/2349"}],"wp:attachment":[{"href":"https:\/\/www.erika-group.cz\/index.php\/wp-json\/wp\/v2\/media?parent=1994"}],"curies":[{"name":"wp","href":"https:\/\/api.w.org\/{rel}","templated":true}]}}