{"id":1988,"date":"2025-05-25T19:40:40","date_gmt":"2025-05-25T19:40:40","guid":{"rendered":"https:\/\/www.erika-group.cz\/?page_id=1988"},"modified":"2026-04-29T09:28:51","modified_gmt":"2026-04-29T09:28:51","slug":"strelecky-teambuilding","status":"publish","type":"page","link":"https:\/\/www.erika-group.cz\/index.php\/strelecky-teambuilding\/","title":{"rendered":"St\u0159eleck\u00fd teambuilding"},"content":{"rendered":"\t\t<div data-elementor-type=\"wp-page\" data-elementor-id=\"1988\" class=\"elementor elementor-1988\">\n\t\t\t\t<div class=\"elementor-element elementor-element-138660e8 e-flex e-con-boxed e-con e-parent\" data-id=\"138660e8\" data-element_type=\"container\" data-e-type=\"container\">\n\t\t\t\t\t<div class=\"e-con-inner\">\n\t\t\t\t<div class=\"elementor-element elementor-element-5684d14d elementor-widget elementor-widget-text-editor\" data-id=\"5684d14d\" data-element_type=\"widget\" data-e-type=\"widget\" data-widget_type=\"text-editor.default\">\n\t\t\t\t<div class=\"elementor-widget-container\">\n\t\t\t\t\t\t\t\t\t<p>Vybo\u010dte z \u0161edi obvykl\u00fdch teambuilding\u016f a objednejte si u n\u00e1s z\u00e1\u017eitek na st\u0159elnici.<\/p>\t\t\t\t\t\t\t\t<\/div>\n\t\t\t\t<\/div>\n\t\t\t\t\t<\/div>\n\t\t\t\t<\/div>\n\t\t<div class=\"elementor-element elementor-element-8b72265 e-flex e-con-boxed e-con e-parent\" data-id=\"8b72265\" data-element_type=\"container\" data-e-type=\"container\">\n\t\t\t\t\t<div class=\"e-con-inner\">\n\t\t\t\t<div class=\"elementor-element elementor-element-fa5e185 elementor-widget elementor-widget-text-editor\" data-id=\"fa5e185\" data-element_type=\"widget\" data-e-type=\"widget\" data-widget_type=\"text-editor.default\">\n\t\t\t\t<div class=\"elementor-widget-container\">\n\t\t\t\t\t\t\t\t\t<h3>Jak to prob\u00edh\u00e1?<\/h3>\t\t\t\t\t\t\t\t<\/div>\n\t\t\t\t<\/div>\n\t\t\t\t\t<\/div>\n\t\t\t\t<\/div>\n\t\t<div class=\"elementor-element elementor-element-bc74c60 e-flex e-con-boxed e-con e-parent\" data-id=\"bc74c60\" data-element_type=\"container\" data-e-type=\"container\">\n\t\t\t\t\t<div class=\"e-con-inner\">\n\t\t\t\t<div class=\"elementor-element elementor-element-afa4752 elementor-widget elementor-widget-text-editor\" data-id=\"afa4752\" data-element_type=\"widget\" data-e-type=\"widget\" data-widget_type=\"text-editor.default\">\n\t\t\t\t<div class=\"elementor-widget-container\">\n\t\t\t\t\t\t\t\t\t<ul><li>registrace \u00fa\u010dastn\u00edk\u016f (je nutn\u00fd doklad toto\u017enosti, p\u0159\u00edpadn\u011b ZP)<\/li><li>pou\u010den\u00ed o pravidlech a bezpe\u010dnosti<\/li><li>vysv\u011btlen\u00ed pr\u016fb\u011bhu akce<\/li><li>prezentace<a href=\"https:\/\/www.erika-group.cz\/index.php\/zbrane\/\"> zbran\u00ed<\/a><\/li><li>v\u00fdb\u011br zbran\u00ed \u00fa\u010dastn\u00edky<\/li><li>samotn\u00e1 st\u0159elba pod dozorem instruktor\u016f<\/li><li>v pr\u016fb\u011bhu akce je mo\u017enost zajistit ob\u010derstven\u00ed dle dohody<\/li><\/ul>\t\t\t\t\t\t\t\t<\/div>\n\t\t\t\t<\/div>\n\t\t\t\t\t<\/div>\n\t\t\t\t<\/div>\n\t\t<div class=\"elementor-element elementor-element-f757531 e-flex e-con-boxed e-con e-parent\" data-id=\"f757531\" data-element_type=\"container\" data-e-type=\"container\">\n\t\t\t\t\t<div class=\"e-con-inner\">\n\t\t\t\t<div class=\"elementor-element elementor-element-9457b9d elementor-widget elementor-widget-text-editor\" data-id=\"9457b9d\" data-element_type=\"widget\" data-e-type=\"widget\" data-widget_type=\"text-editor.default\">\n\t\t\t\t<div class=\"elementor-widget-container\">\n\t\t\t\t\t\t\t\t\t<p>C\u00edlem t\u00e9to slu\u017eby je bezpe\u010dnost a z\u00e1bava, p\u0159esn\u011b v tomto po\u0159ad\u00ed. D\u016fle\u017eit\u00e9 je, abyste si odnesli \u0161pi\u010dkov\u00fd z\u00e1\u017eitek p\u0159i zachov\u00e1n\u00ed bezpe\u010dnosti. Rozhodn\u011b nebudete zklam\u00e1ni.<\/p>\t\t\t\t\t\t\t\t<\/div>\n\t\t\t\t<\/div>\n\t\t\t\t\t<\/div>\n\t\t\t\t<\/div>\n\t\t<div class=\"elementor-element elementor-element-3cb0855 e-flex e-con-boxed e-con e-parent\" data-id=\"3cb0855\" data-element_type=\"container\" data-e-type=\"container\">\n\t\t\t\t\t<div class=\"e-con-inner\">\n\t\t\t\t<div class=\"elementor-element elementor-element-a3cb668 elementor-widget elementor-widget-heading\" data-id=\"a3cb668\" data-element_type=\"widget\" data-e-type=\"widget\" data-widget_type=\"heading.default\">\n\t\t\t\t<div class=\"elementor-widget-container\">\n\t\t\t\t\t<h3 class=\"elementor-heading-title elementor-size-default\">Finan\u010dn\u00ed a \u010dasov\u00e1 n\u00e1ro\u010dnost slu\u017eby:<\/h3>\t\t\t\t<\/div>\n\t\t\t\t<\/div>\n\t\t\t\t\t<\/div>\n\t\t\t\t<\/div>\n\t\t<div class=\"elementor-element elementor-element-80cc8e3 e-flex e-con-boxed e-con e-parent\" data-id=\"80cc8e3\" data-element_type=\"container\" data-e-type=\"container\">\n\t\t\t\t\t<div class=\"e-con-inner\">\n\t\t\t\t<div class=\"elementor-element elementor-element-2fb42b8 elementor-widget elementor-widget-spacer\" data-id=\"2fb42b8\" data-element_type=\"widget\" data-e-type=\"widget\" data-widget_type=\"spacer.default\">\n\t\t\t\t<div class=\"elementor-widget-container\">\n\t\t\t\t\t\t\t<div class=\"elementor-spacer\">\n\t\t\t<div class=\"elementor-spacer-inner\"><\/div>\n\t\t<\/div>\n\t\t\t\t\t\t<\/div>\n\t\t\t\t<\/div>\n\t\t\t\t<div class=\"elementor-element elementor-element-0b6225b elementor-widget elementor-widget-text-editor\" data-id=\"0b6225b\" data-element_type=\"widget\" data-e-type=\"widget\" data-widget_type=\"text-editor.default\">\n\t\t\t\t<div class=\"elementor-widget-container\">\n\t\t\t\t\t\t\t\t\t<p>Podle po\u010dtu \u00fa\u010dastn\u00edk\u016f (max. 15) a form\u00e1tu akce se p\u0159ipravte na trv\u00e1n\u00ed od 4 do 8 hodin.<\/p>\t\t\t\t\t\t\t\t<\/div>\n\t\t\t\t<\/div>\n\t\t\t\t\t<\/div>\n\t\t\t\t<\/div>\n\t\t<div class=\"elementor-element elementor-element-a402979 e-flex e-con-boxed e-con e-parent\" data-id=\"a402979\" data-element_type=\"container\" data-e-type=\"container\">\n\t\t\t\t\t<div class=\"e-con-inner\">\n\t\t\t\t<div class=\"elementor-element elementor-element-c7948f6 elementor-widget elementor-widget-text-editor\" data-id=\"c7948f6\" data-element_type=\"widget\" data-e-type=\"widget\" data-widget_type=\"text-editor.default\">\n\t\t\t\t<div class=\"elementor-widget-container\">\n\t\t\t\t\t\t\t\t\t<ul><li>cena se odv\u00edj\u00ed od po\u010dtu \u00fa\u010dastn\u00edk\u016f a t\u00edm i nutn\u00e9m po\u010dtu instruktor\u016f<\/li><li>nab\u00edz\u00edme mo\u017enost zaji\u0161t\u011bn\u00ed ob\u010derstven\u00ed<\/li><li>orienta\u010dn\u011b se cena pohybuje od 25.000 K\u010d<\/li><li>pro cenovou kalkulaci n\u00e1s <a href=\"https:\/\/www.erika-group.cz\/index.php\/kontakt\/\">kontaktujte<\/a><\/li><\/ul>\t\t\t\t\t\t\t\t<\/div>\n\t\t\t\t<\/div>\n\t\t\t\t\t<\/div>\n\t\t\t\t<\/div>\n\t\t\t\t<\/div>\n\t\t","protected":false},"excerpt":{"rendered":"<p>Zkuste trochu jin\u00fd teambuilding.<\/p>\n","protected":false},"author":1,"featured_media":0,"parent":0,"menu_order":0,"comment_status":"closed","ping_status":"closed","template":"","meta":{"_eb_attr":"","footnotes":""},"class_list":["post-1988","page","type-page","status-publish","hentry"],"yoast_head":"<!-- This site is optimized with the Yoast SEO plugin v27.5 - https:\/\/yoast.com\/product\/yoast-seo-wordpress\/ -->\n<title>St\u0159eleck\u00fd teambuilding - Erika Group s.r.o.<\/title>\n<meta name=\"robots\" content=\"index, follow, max-snippet:-1, max-image-preview:large, max-video-preview:-1\" \/>\n<link rel=\"canonical\" href=\"https:\/\/www.erika-group.cz\/index.php\/strelecky-teambuilding\/\" \/>\n<meta property=\"og:locale\" content=\"en_US\" \/>\n<meta property=\"og:type\" content=\"article\" \/>\n<meta property=\"og:title\" content=\"St\u0159eleck\u00fd teambuilding - Erika Group s.r.o.\" \/>\n<meta property=\"og:description\" content=\"Zkuste trochu jin\u00fd teambuilding.\" \/>\n<meta property=\"og:url\" content=\"https:\/\/www.erika-group.cz\/index.php\/strelecky-teambuilding\/\" \/>\n<meta property=\"og:site_name\" content=\"Erika Group s.r.o.\" \/>\n<meta property=\"article:modified_time\" content=\"2026-04-29T09:28:51+00:00\" \/>\n<meta name=\"twitter:card\" content=\"summary_large_image\" \/>\n<meta name=\"twitter:label1\" content=\"Est. reading time\" \/>\n\t<meta name=\"twitter:data1\" content=\"1 minute\" \/>\n<script type=\"application\/ld+json\" class=\"yoast-schema-graph\">{\"@context\":\"https:\\\/\\\/schema.org\",\"@graph\":[{\"@type\":\"WebPage\",\"@id\":\"https:\\\/\\\/www.erika-group.cz\\\/index.php\\\/strelecky-teambuilding\\\/\",\"url\":\"https:\\\/\\\/www.erika-group.cz\\\/index.php\\\/strelecky-teambuilding\\\/\",\"name\":\"St\u0159eleck\u00fd teambuilding - Erika Group s.r.o.\",\"isPartOf\":{\"@id\":\"https:\\\/\\\/www.erika-group.cz\\\/#website\"},\"datePublished\":\"2025-05-25T19:40:40+00:00\",\"dateModified\":\"2026-04-29T09:28:51+00:00\",\"breadcrumb\":{\"@id\":\"https:\\\/\\\/www.erika-group.cz\\\/index.php\\\/strelecky-teambuilding\\\/#breadcrumb\"},\"inLanguage\":\"en-US\",\"potentialAction\":[{\"@type\":\"ReadAction\",\"target\":[\"https:\\\/\\\/www.erika-group.cz\\\/index.php\\\/strelecky-teambuilding\\\/\"]}]},{\"@type\":\"BreadcrumbList\",\"@id\":\"https:\\\/\\\/www.erika-group.cz\\\/index.php\\\/strelecky-teambuilding\\\/#breadcrumb\",\"itemListElement\":[{\"@type\":\"ListItem\",\"position\":1,\"name\":\"Home\",\"item\":\"https:\\\/\\\/www.erika-group.cz\\\/\"},{\"@type\":\"ListItem\",\"position\":2,\"name\":\"St\u0159eleck\u00fd teambuilding\"}]},{\"@type\":\"WebSite\",\"@id\":\"https:\\\/\\\/www.erika-group.cz\\\/#website\",\"url\":\"https:\\\/\\\/www.erika-group.cz\\\/\",\"name\":\"Erika Group s.r.o.\",\"description\":\"\u017dijeme st\u0159electv\u00edm\",\"publisher\":{\"@id\":\"https:\\\/\\\/www.erika-group.cz\\\/#organization\"},\"potentialAction\":[{\"@type\":\"SearchAction\",\"target\":{\"@type\":\"EntryPoint\",\"urlTemplate\":\"https:\\\/\\\/www.erika-group.cz\\\/?s={search_term_string}\"},\"query-input\":{\"@type\":\"PropertyValueSpecification\",\"valueRequired\":true,\"valueName\":\"search_term_string\"}}],\"inLanguage\":\"en-US\"},{\"@type\":\"Organization\",\"@id\":\"https:\\\/\\\/www.erika-group.cz\\\/#organization\",\"name\":\"Erika Group s.r.o.\",\"url\":\"https:\\\/\\\/www.erika-group.cz\\\/\",\"logo\":{\"@type\":\"ImageObject\",\"inLanguage\":\"en-US\",\"@id\":\"https:\\\/\\\/www.erika-group.cz\\\/#\\\/schema\\\/logo\\\/image\\\/\",\"url\":\"https:\\\/\\\/www.erika-group.cz\\\/wp-content\\\/uploads\\\/2025\\\/01\\\/cropped-Erika-Group-EG-logo-png-scaled-1.png\",\"contentUrl\":\"https:\\\/\\\/www.erika-group.cz\\\/wp-content\\\/uploads\\\/2025\\\/01\\\/cropped-Erika-Group-EG-logo-png-scaled-1.png\",\"width\":2559,\"height\":335,\"caption\":\"Erika Group s.r.o.\"},\"image\":{\"@id\":\"https:\\\/\\\/www.erika-group.cz\\\/#\\\/schema\\\/logo\\\/image\\\/\"}}]}<\/script>\n<!-- \/ Yoast SEO plugin. -->","yoast_head_json":{"title":"St\u0159eleck\u00fd teambuilding - Erika Group s.r.o.","robots":{"index":"index","follow":"follow","max-snippet":"max-snippet:-1","max-image-preview":"max-image-preview:large","max-video-preview":"max-video-preview:-1"},"canonical":"https:\/\/www.erika-group.cz\/index.php\/strelecky-teambuilding\/","og_locale":"en_US","og_type":"article","og_title":"St\u0159eleck\u00fd teambuilding - Erika Group s.r.o.","og_description":"Zkuste trochu jin\u00fd teambuilding.","og_url":"https:\/\/www.erika-group.cz\/index.php\/strelecky-teambuilding\/","og_site_name":"Erika Group s.r.o.","article_modified_time":"2026-04-29T09:28:51+00:00","twitter_card":"summary_large_image","twitter_misc":{"Est. reading time":"1 minute"},"schema":{"@context":"https:\/\/schema.org","@graph":[{"@type":"WebPage","@id":"https:\/\/www.erika-group.cz\/index.php\/strelecky-teambuilding\/","url":"https:\/\/www.erika-group.cz\/index.php\/strelecky-teambuilding\/","name":"St\u0159eleck\u00fd teambuilding - Erika Group s.r.o.","isPartOf":{"@id":"https:\/\/www.erika-group.cz\/#website"},"datePublished":"2025-05-25T19:40:40+00:00","dateModified":"2026-04-29T09:28:51+00:00","breadcrumb":{"@id":"https:\/\/www.erika-group.cz\/index.php\/strelecky-teambuilding\/#breadcrumb"},"inLanguage":"en-US","potentialAction":[{"@type":"ReadAction","target":["https:\/\/www.erika-group.cz\/index.php\/strelecky-teambuilding\/"]}]},{"@type":"BreadcrumbList","@id":"https:\/\/www.erika-group.cz\/index.php\/strelecky-teambuilding\/#breadcrumb","itemListElement":[{"@type":"ListItem","position":1,"name":"Home","item":"https:\/\/www.erika-group.cz\/"},{"@type":"ListItem","position":2,"name":"St\u0159eleck\u00fd teambuilding"}]},{"@type":"WebSite","@id":"https:\/\/www.erika-group.cz\/#website","url":"https:\/\/www.erika-group.cz\/","name":"Erika Group s.r.o.","description":"\u017dijeme st\u0159electv\u00edm","publisher":{"@id":"https:\/\/www.erika-group.cz\/#organization"},"potentialAction":[{"@type":"SearchAction","target":{"@type":"EntryPoint","urlTemplate":"https:\/\/www.erika-group.cz\/?s={search_term_string}"},"query-input":{"@type":"PropertyValueSpecification","valueRequired":true,"valueName":"search_term_string"}}],"inLanguage":"en-US"},{"@type":"Organization","@id":"https:\/\/www.erika-group.cz\/#organization","name":"Erika Group s.r.o.","url":"https:\/\/www.erika-group.cz\/","logo":{"@type":"ImageObject","inLanguage":"en-US","@id":"https:\/\/www.erika-group.cz\/#\/schema\/logo\/image\/","url":"https:\/\/www.erika-group.cz\/wp-content\/uploads\/2025\/01\/cropped-Erika-Group-EG-logo-png-scaled-1.png","contentUrl":"https:\/\/www.erika-group.cz\/wp-content\/uploads\/2025\/01\/cropped-Erika-Group-EG-logo-png-scaled-1.png","width":2559,"height":335,"caption":"Erika Group s.r.o."},"image":{"@id":"https:\/\/www.erika-group.cz\/#\/schema\/logo\/image\/"}}]}},"_links":{"self":[{"href":"https:\/\/www.erika-group.cz\/index.php\/wp-json\/wp\/v2\/pages\/1988","targetHints":{"allow":["GET"]}}],"collection":[{"href":"https:\/\/www.erika-group.cz\/index.php\/wp-json\/wp\/v2\/pages"}],"about":[{"href":"https:\/\/www.erika-group.cz\/index.php\/wp-json\/wp\/v2\/types\/page"}],"author":[{"embeddable":true,"href":"https:\/\/www.erika-group.cz\/index.php\/wp-json\/wp\/v2\/users\/1"}],"replies":[{"embeddable":true,"href":"https:\/\/www.erika-group.cz\/index.php\/wp-json\/wp\/v2\/comments?post=1988"}],"version-history":[{"count":17,"href":"https:\/\/www.erika-group.cz\/index.php\/wp-json\/wp\/v2\/pages\/1988\/revisions"}],"predecessor-version":[{"id":2647,"href":"https:\/\/www.erika-group.cz\/index.php\/wp-json\/wp\/v2\/pages\/1988\/revisions\/2647"}],"wp:attachment":[{"href":"https:\/\/www.erika-group.cz\/index.php\/wp-json\/wp\/v2\/media?parent=1988"}],"curies":[{"name":"wp","href":"https:\/\/api.w.org\/{rel}","templated":true}]}}